{"id":168,"date":"2022-03-09T11:37:45","date_gmt":"2022-03-09T11:37:45","guid":{"rendered":"https:\/\/iascareproject.us.edu.pl\/?page_id=168"},"modified":"2022-03-15T19:08:34","modified_gmt":"2022-03-15T19:08:34","slug":"rodo-pl","status":"publish","type":"page","link":"https:\/\/iascareproject.us.edu.pl\/index.php\/rodo-pl\/","title":{"rendered":"RODO (PL)"},"content":{"rendered":"<hr \/>\n<p><strong><a href=\"https:\/\/iascareproject.us.edu.pl\/index.php\/conference\/\">Konferencja<\/a> \u00a0\u00a0\u00a0\u00a0\u00a0\u00a0\u00a0\u00a0\u00a0\u00a0\u00a0\u00a0 <a href=\"https:\/\/iascareproject.us.edu.pl\/index.php\/programme\/\">Program<\/a><a href=\"https:\/\/iascareproject.us.edu.pl\/index.php\/rodo-pl\/\"><\/a><\/strong><\/p>\n<hr \/>\n<p><strong>Klauzula informacyjna RODO dla uczestnik\u00f3w Konferencji <\/strong><\/p>\n<hr \/>\n<p><strong>Administrator danych osobowych<\/strong><\/p>\n<p>Administratorem Pani\/Pana danych osobowych jest Uniwersytet \u015al\u0105ski w Katowicach, reprezentowany przez Rektora. Z administratorem mo\u017ce si\u0119 Pani\/Pan skontaktowa\u0107 z w nast\u0119puj\u0105cy spos\u00f3b:<\/p>\n<ol>\n<li>listownie na adres: Bankowa 12, 40-007 Katowice<\/li>\n<li>przez e-mail: <a href=\"mailto:administrator.danych@us.edu.pl\">administrator.danych@us.edu.pl<\/a><\/li>\n<\/ol>\n<hr \/>\n<p><strong> Inspektor ochrony danych<\/strong><\/p>\n<p>Mo\u017ce si\u0119 Pani\/Pan kontaktowa\u0107 z inspektorem ochrony danych we wszystkich sprawach dotycz\u0105cych przetwarzania danych osobowych oraz korzystania z praw zwi\u0105zanych z przetwarzaniem danych, w\u00a0nast\u0119puj\u0105cy spos\u00f3b:<\/p>\n<ol>\n<li>listownie na adres: ul. Bankowa 12, 40-007 Katowice<\/li>\n<li>przez e-mail: <a href=\"mailto:iod@us.edu.pl\">iod@us.edu.pl<\/a><\/li>\n<\/ol>\n<hr \/>\n<p><strong>Cele przetwarzania oraz podstawa prawna przetwarzania<\/strong><\/p>\n<ol><\/ol>\n<p>Podstaw\u0105 prawn\u0105 przetwarzania Pani\/Pana danych osobowych jest art. 6 ust. 1 lit. e rozporz\u0105dzenia Parlamentu Europejskiego i Rady (UE) 2016\/679 z dnia 27 kwietnia 2016 roku w sprawie ochrony os\u00f3b fizycznych w zwi\u0105zku z przetwarzaniem danych osobowych i w sprawie swobodnego przep\u0142ywu takich danych oraz uchylenia dyrektywy 95\/46\/WE (og\u00f3lne rozporz\u0105dzenie o ochronie danych):<\/p>\n<ul>\n<li>wykonanie zadania publicznego uczelni, polegaj\u0105cego w szczeg\u00f3lno\u015bci na upowszechnianiu podczas konferencji osi\u0105gni\u0119\u0107 nauki i kultury (art. 11 ust. 1 pkt. 9 ustawy z dnia 20 lipca 2018 r. Prawo<br \/>\no szkolnictwie wy\u017cszym i nauce).<\/li>\n<\/ul>\n<p><em>Podanie danych osobowych jest konieczne do przeprowadzenia procesu rejestracji i organizacji konferencji. W\u00a0przypadku niepodania danych nie b\u0119dzie mo\u017cliwe zrealizowanie ww. celu.<\/em><\/p>\n<hr \/>\n<p><strong>Okres przechowywania danych osobowych<\/strong><\/p>\n<p>B\u0119dziemy przechowywa\u0107 Pani\/Pana dane osobowe tak d\u0142ugo, jak d\u0142ugo b\u0119dzie to konieczne do realizacji wskazanych wy\u017cej cel\u00f3w przetwarzania.<\/p>\n<hr \/>\n<p><strong>Odbiorcy danych<\/strong><\/p>\n<p>Pani\/Pana dane mo\u017cemy przekazywa\u0107 podmiotom przetwarzaj\u0105cym je na nasze zlecenie oraz podmiotom uprawnionym do uzyskania danych na podstawie obowi\u0105zuj\u0105cych przepis\u00f3w prawa.<\/p>\n<p>Konferencja b\u0119dzie prowadzona w formie zdalnej (on-line), zatem musi Pani\/Pan wiedzie\u0107, \u017ce w\u0142\u0105czenie kamery internetowej w trakcie trwania konferencji, kt\u00f3ra b\u0119dzie transmitowana online za po\u015brednictwem platformy MS Teams wi\u0105\u017ce si\u0119 z rozpowszechnieniem Pani\/Pana wizerunku w ramach prowadzonej konferencji. <strong>Udost\u0119pnienie wizerunku nie jest obowi\u0105zkowe, przez ca\u0142y czas trwania konferencji nie ma konieczno\u015bci w\u0142\u0105czania kamery internetowej, jest to dobrowolne.<\/strong><\/p>\n<p>Pani\/Pana dane osobowe mog\u0105 zosta\u0107 udost\u0119pnione instytucjom przeprowadzaj\u0105cym kontrol\u0119 dzia\u0142a\u0144 w projekcie pt. \u201eZintegrowane podej\u015bcie do ochrony ekosystem\u00f3w przed inwazyjnymi ro\u015blinami obcymi w po\u0142udniowej Polsce \u2013 IAS\/EcoSystemCARE\u201d, w ramach kt\u00f3rego organizowana jest niniejsza konferencja.<\/p>\n<hr \/>\n<p><strong>Prawa zwi\u0105zane z przetwarzaniem danych osobowych<\/strong><\/p>\n<p>Przys\u0142uguj\u0105 Pani\/Panu nast\u0119puj\u0105ce prawa zwi\u0105zane z przetwarzaniem danych osobowych:<\/p>\n<ul>\n<li>prawo dost\u0119pu do Pani\/Pana danych osobowych;<\/li>\n<li>prawo \u017c\u0105dania sprostowania Pani\/Pana danych osobowych, kt\u00f3re s\u0105 nieprawid\u0142owe oraz uzupe\u0142nienia niekompletnych danych osobowych;<\/li>\n<li>prawo \u017c\u0105dania usuni\u0119cia Pani\/Pana danych osobowych, w szczeg\u00f3lno\u015bci w przypadku cofni\u0119cia przez Pani\u0105\/Pana zgody na przetwarzanie, gdy nie ma innej podstawy prawnej przetwarzania;<\/li>\n<li>prawo \u017c\u0105dania ograniczenia przetwarzania Pani\/Pana danych osobowych;<\/li>\n<li>prawo wniesienia sprzeciwu wobec przetwarzania Pani\/Pana danych osobowych, ze wzgl\u0119du na Pani\/Pana szczeg\u00f3ln\u0105 sytuacj\u0119, w przypadkach, kiedy przetwarzamy Pani\/Pana dane na podstawie naszego prawnie usprawiedliwionego interesu, w tym na potrzeby marketingu bezpo\u015bredniego lub w celu realizacji zadania publicznego. UWAGA: w przypadku przetwarzania na potrzeby marketingu bezpo\u015bredniego mo\u017cna wnie\u015b\u0107 sprzeciw w dowolnym momencie bez wzgl\u0119du na szczeg\u00f3ln\u0105 sytuacj\u0119;<\/li>\n<li>prawo do niepodlegania wy\u0142\u0105cznie zautomatyzowanemu podejmowaniu decyzji, w tym profilowaniu;<\/li>\n<li>prawo wniesienia skargi do organu nadzorczego zajmuj\u0105cego si\u0119 ochron\u0105 danych osobowych, Prezesa Urz\u0119du Ochrony Danych Osobowych.<\/li>\n<\/ul>\n","protected":false},"excerpt":{"rendered":"<p>Konferencja \u00a0\u00a0\u00a0\u00a0\u00a0\u00a0\u00a0\u00a0\u00a0\u00a0\u00a0\u00a0 Program Klauzula informacyjna RODO dla uczestnik\u00f3w Konferencji Administrator danych osobowych Administratorem Pani\/Pana danych osobowych jest Uniwersytet \u015al\u0105ski w Katowicach, reprezentowany przez Rektora. Z administratorem mo\u017ce si\u0119 Pani\/Pan skontaktowa\u0107 z w nast\u0119puj\u0105cy spos\u00f3b: listownie na adres: Bankowa 12, 40-007 Katowice przez e-mail: administrator.danych@us.edu.pl Inspektor ochrony danych Mo\u017ce si\u0119 Pani\/Pan [&hellip;]<\/p>\n","protected":false},"author":1,"featured_media":0,"parent":0,"menu_order":0,"comment_status":"closed","ping_status":"closed","template":"","meta":{"footnotes":""},"class_list":["post-168","page","type-page","status-publish","hentry"],"_links":{"self":[{"href":"https:\/\/iascareproject.us.edu.pl\/index.php\/wp-json\/wp\/v2\/pages\/168","targetHints":{"allow":["GET"]}}],"collection":[{"href":"https:\/\/iascareproject.us.edu.pl\/index.php\/wp-json\/wp\/v2\/pages"}],"about":[{"href":"https:\/\/iascareproject.us.edu.pl\/index.php\/wp-json\/wp\/v2\/types\/page"}],"author":[{"embeddable":true,"href":"https:\/\/iascareproject.us.edu.pl\/index.php\/wp-json\/wp\/v2\/users\/1"}],"replies":[{"embeddable":true,"href":"https:\/\/iascareproject.us.edu.pl\/index.php\/wp-json\/wp\/v2\/comments?post=168"}],"version-history":[{"count":4,"href":"https:\/\/iascareproject.us.edu.pl\/index.php\/wp-json\/wp\/v2\/pages\/168\/revisions"}],"predecessor-version":[{"id":319,"href":"https:\/\/iascareproject.us.edu.pl\/index.php\/wp-json\/wp\/v2\/pages\/168\/revisions\/319"}],"wp:attachment":[{"href":"https:\/\/iascareproject.us.edu.pl\/index.php\/wp-json\/wp\/v2\/media?parent=168"}],"curies":[{"name":"wp","href":"https:\/\/api.w.org\/{rel}","templated":true}]}}