{"id":223,"date":"2022-03-15T11:47:18","date_gmt":"2022-03-15T11:47:18","guid":{"rendered":"https:\/\/iascareproject.us.edu.pl\/index.php\/home-polski\/"},"modified":"2025-03-11T00:14:02","modified_gmt":"2025-03-11T00:14:02","slug":"home-polski","status":"publish","type":"page","link":"https:\/\/iascareproject.us.edu.pl\/index.php\/pl\/home-polski\/","title":{"rendered":"PL"},"content":{"rendered":"\r\n<div class=\"wp-block-cover alignfull has-white-background-color has-background-dim hestia-clear-top-padding is-layout-flow wp-block-cover-is-layout-flow\">\r\n<div class=\"wp-block-cover__inner-container\">\r\n<h1 aria-hidden=\"true\" style=\"text-align: center;\"><span style=\"color: #000000;\"><strong>Wsp\u00f3lnie dzia\u0142amy na rzecz <\/strong><span style=\"color: #48b277;\"><strong>zielonej<\/strong><\/span><strong> Europy<\/strong><\/span><\/h1>\r\n<hr \/>\r\n<h1 aria-hidden=\"true\" style=\"text-align: center;\"><span style=\"color: #000000;\"><strong><img loading=\"lazy\" decoding=\"async\" src=\"https:\/\/iascareproject.us.edu.pl\/wp-content\/uploads\/2022\/03\/LGa-5-e1709730234406-1024x162.jpg\" alt=\"\" class=\"aligncenter wp-image-205 \" width=\"1002\" height=\"159\" srcset=\"https:\/\/iascareproject.us.edu.pl\/wp-content\/uploads\/2022\/03\/LGa-5-e1709730234406-1024x162.jpg 1024w, https:\/\/iascareproject.us.edu.pl\/wp-content\/uploads\/2022\/03\/LGa-5-e1709730234406-300x47.jpg 300w, https:\/\/iascareproject.us.edu.pl\/wp-content\/uploads\/2022\/03\/LGa-5-e1709730234406-768x122.jpg 768w, https:\/\/iascareproject.us.edu.pl\/wp-content\/uploads\/2022\/03\/LGa-5-e1709730234406-1536x243.jpg 1536w, https:\/\/iascareproject.us.edu.pl\/wp-content\/uploads\/2022\/03\/LGa-5-e1709730234406.jpg 1561w\" sizes=\"auto, (max-width: 1002px) 100vw, 1002px\" \/><\/strong><\/span><\/h1>\r\n<hr \/>\r\n<h3 aria-hidden=\"true\" style=\"text-align: center;\"><strong><span style=\"color: #000000;\">Mechanizm Finansowy EOG oraz Norweski Mechanizm Finansowy na lata 2014-2021<\/span><\/strong><\/h3>\r\n<p><span style=\"color: #000000;\">Link: <strong><a href=\"https:\/\/www.eog.gov.pl\/\" style=\"color: #000000;\">https:\/\/www.eog.gov.pl \/ <\/a><\/strong><a href=\"https:\/\/eeagrants.org\/\" style=\"color: #000000;\"><strong>https:\/\/eeagrants.org\/<\/strong><\/a><\/span><\/p>\r\n<p><span style=\"color: #000000;\">Fundusze EOG reprezentuj\u0105 wk\u0142ad Islandii, Liechtensteinu i Norwegii w tworzenie Europy zielonej, konkurencyjnej i sprzyjaj\u0105cej integracji spo\u0142ecznej. Istniej\u0105 dwa cele og\u00f3lne: ograniczenie nier\u00f3wno\u015bci ekonomicznych i spo\u0142ecznych w Europie i wzmocnienie relacji dwustronnych pomi\u0119dzy pa\u0144stwami-darczy\u0144cami a 15 krajami UE z Europy \u015arodkowej i Po\u0142udniowej i obszaru Morza Ba\u0142tyckiego.<\/span><\/p>\r\n<p><span style=\"color: #000000;\">TTrzy Pa\u0144stwa-Darczy\u0144cy \u015bci\u015ble wsp\u00f3\u0142pracuj\u0105 z UE w ramach Porozumienia o Europejskim Obszarze Gospodarczym (EOG). Darczy\u0144cy przekazali 3,3 miliarda euro w ramach kolejnych program\u00f3w funduszy w latach 1994\u20132014. Fundusze EOG na lata 2014\u20132021 wynosz\u0105 1,55 miliarda euro. <\/span><\/p>\r\n<p><span style=\"color: #000000;\">Priorytety na ten okres to:<\/span><\/p>\r\n<p><span style=\"color: #000000;\"><strong>#1 Innowacje, badania naukowe, edukacja i konkurencyjno\u015b\u0107; <\/strong><\/span><\/p>\r\n<p><span style=\"color: #000000;\"><strong>#2 Integracja spo\u0142eczna, zatrudnienie m\u0142odzie\u017cy i ograniczenie ub\u00f3stwa; <\/strong><\/span><\/p>\r\n<p><span style=\"color: #000000;\"><strong>#3 \u015arodowisko, energia, zmiany klimatu i gospodarka niskoemisyjna; <\/strong><\/span><\/p>\r\n<p><span style=\"color: #000000;\"><strong>#4 Kultura, spo\u0142ecze\u0144stwo obywatelskie, dobre zarz\u0105dzanie i podstawowe prawa; <\/strong><\/span><\/p>\r\n<p><span style=\"color: #000000;\"><strong>#5 Sprawiedliwo\u015b\u0107 i sprawy wewn\u0119trzne. <\/strong><\/span><\/p>\r\n<p><span style=\"color: #000000;\">Fundusze EOG s\u0105 wsp\u00f3lnie finansowane przez Islandi\u0119, Liechtenstein i Norwegi\u0119, kt\u00f3rych wk\u0142ad oparty jest na ich PKB. Kwalifikowalno\u015b\u0107 do funduszy wynika ze spe\u0142nienia kryteri\u00f3w okre\u015blonych w ramach Funduszu Sp\u00f3jno\u015bci UE przeznaczonego dla pa\u0144stw cz\u0142onkowskich, w kt\u00f3rych doch\u00f3d krajowy brutto na mieszka\u0144ca jest ni\u017cszy ni\u017c 90% \u015bredniej unijnej<\/span><\/p>\r\n<\/div>\r\n<\/div>\r\n<p>&nbsp;<\/p>\r\n<div class=\"wp-block-image\"><a href=\"https:\/\/iascareproject.us.edu.pl\/index.php\/pl\/konferencja\/\"><img loading=\"lazy\" decoding=\"async\" src=\"https:\/\/iascareproject.us.edu.pl\/wp-content\/uploads\/2024\/03\/Zintegrowane-podejscie-do-ochrony-ekosystemow-przed-inwazyjnymi-roslinami-obcymi-w-poludniowej-Polsce-\u2013-IASEcoSystemCARE-0001.jpg\" alt=\"\" width=\"1364\" height=\"767\" data-warning=\"Missing alt text\" class=\"wpa-warning wpa-image-missing-alt aligncenter size-full wp-image-539\" srcset=\"https:\/\/iascareproject.us.edu.pl\/wp-content\/uploads\/2024\/03\/Zintegrowane-podejscie-do-ochrony-ekosystemow-przed-inwazyjnymi-roslinami-obcymi-w-poludniowej-Polsce-\u2013-IASEcoSystemCARE-0001.jpg 1364w, https:\/\/iascareproject.us.edu.pl\/wp-content\/uploads\/2024\/03\/Zintegrowane-podejscie-do-ochrony-ekosystemow-przed-inwazyjnymi-roslinami-obcymi-w-poludniowej-Polsce-\u2013-IASEcoSystemCARE-0001-300x169.jpg 300w, https:\/\/iascareproject.us.edu.pl\/wp-content\/uploads\/2024\/03\/Zintegrowane-podejscie-do-ochrony-ekosystemow-przed-inwazyjnymi-roslinami-obcymi-w-poludniowej-Polsce-\u2013-IASEcoSystemCARE-0001-1024x576.jpg 1024w, https:\/\/iascareproject.us.edu.pl\/wp-content\/uploads\/2024\/03\/Zintegrowane-podejscie-do-ochrony-ekosystemow-przed-inwazyjnymi-roslinami-obcymi-w-poludniowej-Polsce-\u2013-IASEcoSystemCARE-0001-768x432.jpg 768w\" sizes=\"auto, (max-width: 1364px) 100vw, 1364px\" \/><\/a><\/div>\r\n<div class=\"wp-block-image\"><img loading=\"lazy\" decoding=\"async\" src=\"https:\/\/iascareproject.us.edu.pl\/wp-content\/uploads\/2023\/11\/Kopia-ogloszenie_konkurs3-724x1024.jpg\" alt=\"\" width=\"746\" height=\"1055\" class=\"aligncenter  wp-image-483\" srcset=\"https:\/\/iascareproject.us.edu.pl\/wp-content\/uploads\/2023\/11\/Kopia-ogloszenie_konkurs3-724x1024.jpg 724w, https:\/\/iascareproject.us.edu.pl\/wp-content\/uploads\/2023\/11\/Kopia-ogloszenie_konkurs3-212x300.jpg 212w, https:\/\/iascareproject.us.edu.pl\/wp-content\/uploads\/2023\/11\/Kopia-ogloszenie_konkurs3-768x1086.jpg 768w, https:\/\/iascareproject.us.edu.pl\/wp-content\/uploads\/2023\/11\/Kopia-ogloszenie_konkurs3-1086x1536.jpg 1086w, https:\/\/iascareproject.us.edu.pl\/wp-content\/uploads\/2023\/11\/Kopia-ogloszenie_konkurs3.jpg 1414w\" sizes=\"auto, (max-width: 746px) 100vw, 746px\" \/><\/div>\r\n<div><\/div>\r\n<div class=\"wp-block-image\" style=\"text-align: center;\"><a href=\"https:\/\/iascareproject.us.edu.pl\/index.php\/pl\/konkurs\/\"><img loading=\"lazy\" decoding=\"async\" src=\"https:\/\/iascareproject.us.edu.pl\/wp-content\/uploads\/2023\/09\/Kopia-ogloszenie_konkurs3-724x1024.jpg\" alt=\"\" width=\"746\" height=\"1055\" class=\"aligncenter  wp-image-473\" srcset=\"https:\/\/iascareproject.us.edu.pl\/wp-content\/uploads\/2023\/09\/Kopia-ogloszenie_konkurs3-724x1024.jpg 724w, https:\/\/iascareproject.us.edu.pl\/wp-content\/uploads\/2023\/09\/Kopia-ogloszenie_konkurs3-212x300.jpg 212w, https:\/\/iascareproject.us.edu.pl\/wp-content\/uploads\/2023\/09\/Kopia-ogloszenie_konkurs3-768x1086.jpg 768w, https:\/\/iascareproject.us.edu.pl\/wp-content\/uploads\/2023\/09\/Kopia-ogloszenie_konkurs3-1086x1536.jpg 1086w, https:\/\/iascareproject.us.edu.pl\/wp-content\/uploads\/2023\/09\/Kopia-ogloszenie_konkurs3.jpg 1414w\" sizes=\"auto, (max-width: 746px) 100vw, 746px\" \/><\/a><\/div>\r\n<div class=\"wp-block-image\" style=\"text-align: center;\"><a href=\"https:\/\/iascareproject.us.edu.pl\/wp-content\/uploads\/2023\/08\/Zaproszenie-na-szkolenie_Krakow-7.pdf\"><img loading=\"lazy\" decoding=\"async\" src=\"https:\/\/iascareproject.us.edu.pl\/wp-content\/uploads\/2023\/08\/Zaproszenie-na-szkolenie_Krakow-7-0001-724x1024.png\" alt=\"\" width=\"747\" height=\"1057\" class=\" wp-image-468 aligncenter\" srcset=\"https:\/\/iascareproject.us.edu.pl\/wp-content\/uploads\/2023\/08\/Zaproszenie-na-szkolenie_Krakow-7-0001-724x1024.png 724w, https:\/\/iascareproject.us.edu.pl\/wp-content\/uploads\/2023\/08\/Zaproszenie-na-szkolenie_Krakow-7-0001-212x300.png 212w, https:\/\/iascareproject.us.edu.pl\/wp-content\/uploads\/2023\/08\/Zaproszenie-na-szkolenie_Krakow-7-0001-768x1086.png 768w, https:\/\/iascareproject.us.edu.pl\/wp-content\/uploads\/2023\/08\/Zaproszenie-na-szkolenie_Krakow-7-0001.png 794w\" sizes=\"auto, (max-width: 747px) 100vw, 747px\" \/><\/a><\/div>\r\n<div class=\"wp-block-image\" style=\"text-align: center;\"><a href=\"https:\/\/iascareproject.us.edu.pl\/wp-content\/uploads\/2023\/07\/Zaproszenie-na-szkolenie_Krakow_5-6.pdf\" target=\"_blank\" rel=\"noopener\"><img loading=\"lazy\" decoding=\"async\" src=\"https:\/\/iascareproject.us.edu.pl\/wp-content\/uploads\/2023\/07\/Zaproszenie-na-szkolenie_Krakow_5-6-0001-724x1024.png\" alt=\"\" class=\"wp-image-453 aligncenter\" width=\"746\" height=\"1055\" srcset=\"https:\/\/iascareproject.us.edu.pl\/wp-content\/uploads\/2023\/07\/Zaproszenie-na-szkolenie_Krakow_5-6-0001-724x1024.png 724w, https:\/\/iascareproject.us.edu.pl\/wp-content\/uploads\/2023\/07\/Zaproszenie-na-szkolenie_Krakow_5-6-0001-212x300.png 212w, https:\/\/iascareproject.us.edu.pl\/wp-content\/uploads\/2023\/07\/Zaproszenie-na-szkolenie_Krakow_5-6-0001-768x1086.png 768w, https:\/\/iascareproject.us.edu.pl\/wp-content\/uploads\/2023\/07\/Zaproszenie-na-szkolenie_Krakow_5-6-0001.png 794w\" sizes=\"auto, (max-width: 746px) 100vw, 746px\" \/><\/a><\/div>\r\n<div class=\"wp-block-image\" style=\"text-align: center;\"><a href=\"https:\/\/iascareproject.us.edu.pl\/wp-content\/uploads\/2023\/07\/Zaproszenie-na-szkolenie_Krakow_3-4.pdf\" target=\"_blank\" rel=\"noopener\"><img loading=\"lazy\" decoding=\"async\" src=\"https:\/\/iascareproject.us.edu.pl\/wp-content\/uploads\/2023\/07\/Zaproszenie-na-szkolenie_Krakow_3-4-0001-724x1024.png\" alt=\"\" class=\"wp-image-452 aligncenter\" width=\"746\" height=\"1055\" srcset=\"https:\/\/iascareproject.us.edu.pl\/wp-content\/uploads\/2023\/07\/Zaproszenie-na-szkolenie_Krakow_3-4-0001-724x1024.png 724w, https:\/\/iascareproject.us.edu.pl\/wp-content\/uploads\/2023\/07\/Zaproszenie-na-szkolenie_Krakow_3-4-0001-212x300.png 212w, https:\/\/iascareproject.us.edu.pl\/wp-content\/uploads\/2023\/07\/Zaproszenie-na-szkolenie_Krakow_3-4-0001-768x1086.png 768w, https:\/\/iascareproject.us.edu.pl\/wp-content\/uploads\/2023\/07\/Zaproszenie-na-szkolenie_Krakow_3-4-0001.png 794w\" sizes=\"auto, (max-width: 746px) 100vw, 746px\" \/><\/a><\/div>\r\n<div class=\"wp-block-image\" style=\"text-align: center;\"><a href=\"https:\/\/iascareproject.us.edu.pl\/wp-content\/uploads\/2023\/04\/Zaproszenie-na-szkolenie_Krakow-1-2.pdf\"><img loading=\"lazy\" decoding=\"async\" src=\"https:\/\/iascareproject.us.edu.pl\/wp-content\/uploads\/2023\/04\/Zaproszenie-na-szkolenie_Krakow-1-2-0001-724x1024.png\" alt=\"\" class=\"wp-image-444 aligncenter\" width=\"745\" height=\"1053\" srcset=\"https:\/\/iascareproject.us.edu.pl\/wp-content\/uploads\/2023\/04\/Zaproszenie-na-szkolenie_Krakow-1-2-0001-724x1024.png 724w, https:\/\/iascareproject.us.edu.pl\/wp-content\/uploads\/2023\/04\/Zaproszenie-na-szkolenie_Krakow-1-2-0001-212x300.png 212w, https:\/\/iascareproject.us.edu.pl\/wp-content\/uploads\/2023\/04\/Zaproszenie-na-szkolenie_Krakow-1-2-0001-768x1086.png 768w, https:\/\/iascareproject.us.edu.pl\/wp-content\/uploads\/2023\/04\/Zaproszenie-na-szkolenie_Krakow-1-2-0001.png 794w\" sizes=\"auto, (max-width: 745px) 100vw, 745px\" \/><\/a><\/div>\r\n<div class=\"wp-block-image\" style=\"text-align: center;\"><a href=\"https:\/\/iascareproject.us.edu.pl\/wp-content\/uploads\/2023\/03\/Zaproszenie-na-szkolenie_Skawina2.pdf\"><img loading=\"lazy\" decoding=\"async\" src=\"https:\/\/iascareproject.us.edu.pl\/wp-content\/uploads\/2023\/03\/Zaproszenie-na-szkolenie_Skawina2-0001-724x1024.png\" alt=\"\" class=\"wp-image-434 aligncenter\" width=\"746\" height=\"1055\" srcset=\"https:\/\/iascareproject.us.edu.pl\/wp-content\/uploads\/2023\/03\/Zaproszenie-na-szkolenie_Skawina2-0001-724x1024.png 724w, https:\/\/iascareproject.us.edu.pl\/wp-content\/uploads\/2023\/03\/Zaproszenie-na-szkolenie_Skawina2-0001-212x300.png 212w, https:\/\/iascareproject.us.edu.pl\/wp-content\/uploads\/2023\/03\/Zaproszenie-na-szkolenie_Skawina2-0001-768x1086.png 768w, https:\/\/iascareproject.us.edu.pl\/wp-content\/uploads\/2023\/03\/Zaproszenie-na-szkolenie_Skawina2-0001.png 794w\" sizes=\"auto, (max-width: 746px) 100vw, 746px\" \/><\/a><\/div>\r\n<div class=\"wp-block-image\" style=\"text-align: center;\"><a href=\"https:\/\/iascareproject.us.edu.pl\/wp-content\/uploads\/2023\/03\/Zaproszenie-na-szkolenie_Swiatniki-Gorne.pdf\" target=\"_blank\" rel=\"noopener\"><img loading=\"lazy\" decoding=\"async\" src=\"https:\/\/iascareproject.us.edu.pl\/wp-content\/uploads\/2023\/03\/Zaproszenie-na-szkolenie_Swiatniki-Gorne-0001-724x1024.png\" alt=\"\" class=\"aligncenter  wp-image-426\" width=\"747\" height=\"1057\" srcset=\"https:\/\/iascareproject.us.edu.pl\/wp-content\/uploads\/2023\/03\/Zaproszenie-na-szkolenie_Swiatniki-Gorne-0001-724x1024.png 724w, https:\/\/iascareproject.us.edu.pl\/wp-content\/uploads\/2023\/03\/Zaproszenie-na-szkolenie_Swiatniki-Gorne-0001-212x300.png 212w, https:\/\/iascareproject.us.edu.pl\/wp-content\/uploads\/2023\/03\/Zaproszenie-na-szkolenie_Swiatniki-Gorne-0001-768x1086.png 768w, https:\/\/iascareproject.us.edu.pl\/wp-content\/uploads\/2023\/03\/Zaproszenie-na-szkolenie_Swiatniki-Gorne-0001.png 794w\" sizes=\"auto, (max-width: 747px) 100vw, 747px\" \/><\/a><\/div>\r\n<div class=\"wp-block-image\" style=\"text-align: center;\"><a href=\"https:\/\/iascareproject.us.edu.pl\/index.php\/pl\/szkolenie\/\"><img loading=\"lazy\" decoding=\"async\" src=\"https:\/\/iascareproject.us.edu.pl\/wp-content\/uploads\/2023\/02\/ogloszenie_skawina-0001-724x1024.png\" alt=\"\" class=\"aligncenter  wp-image-406\" width=\"744\" height=\"1053\" srcset=\"https:\/\/iascareproject.us.edu.pl\/wp-content\/uploads\/2023\/02\/ogloszenie_skawina-0001-724x1024.png 724w, https:\/\/iascareproject.us.edu.pl\/wp-content\/uploads\/2023\/02\/ogloszenie_skawina-0001-212x300.png 212w, https:\/\/iascareproject.us.edu.pl\/wp-content\/uploads\/2023\/02\/ogloszenie_skawina-0001-768x1087.png 768w, https:\/\/iascareproject.us.edu.pl\/wp-content\/uploads\/2023\/02\/ogloszenie_skawina-0001.png 793w\" sizes=\"auto, (max-width: 744px) 100vw, 744px\" \/><\/a><\/div>\r\n\r\n\r\n\r\n<div class=\"wp-block-image\" style=\"text-align: center;\"><a href=\"https:\/\/iascareproject.us.edu.pl\/index.php\/pl\/szkolenie\/\"><img loading=\"lazy\" decoding=\"async\" src=\"https:\/\/iascareproject.us.edu.pl\/wp-content\/uploads\/2022\/11\/ogloszenie.png\" alt=\"\" class=\"wp-image-393 aligncenter\" width=\"742\" height=\"1050\" srcset=\"https:\/\/iascareproject.us.edu.pl\/wp-content\/uploads\/2022\/11\/ogloszenie.png 1414w, https:\/\/iascareproject.us.edu.pl\/wp-content\/uploads\/2022\/11\/ogloszenie-212x300.png 212w, https:\/\/iascareproject.us.edu.pl\/wp-content\/uploads\/2022\/11\/ogloszenie-724x1024.png 724w, https:\/\/iascareproject.us.edu.pl\/wp-content\/uploads\/2022\/11\/ogloszenie-768x1086.png 768w, https:\/\/iascareproject.us.edu.pl\/wp-content\/uploads\/2022\/11\/ogloszenie-1086x1536.png 1086w\" sizes=\"auto, (max-width: 742px) 100vw, 742px\" \/><\/a><\/div>\r\n<p><a href=\"https:\/\/iascareproject.us.edu.pl\/index.php\/pl\/szkolenie\/\"><img loading=\"lazy\" decoding=\"async\" src=\"https:\/\/iascareproject.us.edu.pl\/wp-content\/uploads\/2022\/11\/ogloszenie_pszczelarze_fv-0001.png\" alt=\"\" class=\" wp-image-383 aligncenter\" width=\"743\" height=\"1051\" srcset=\"https:\/\/iascareproject.us.edu.pl\/wp-content\/uploads\/2022\/11\/ogloszenie_pszczelarze_fv-0001.png 793w, https:\/\/iascareproject.us.edu.pl\/wp-content\/uploads\/2022\/11\/ogloszenie_pszczelarze_fv-0001-212x300.png 212w, https:\/\/iascareproject.us.edu.pl\/wp-content\/uploads\/2022\/11\/ogloszenie_pszczelarze_fv-0001-724x1024.png 724w, https:\/\/iascareproject.us.edu.pl\/wp-content\/uploads\/2022\/11\/ogloszenie_pszczelarze_fv-0001-768x1087.png 768w\" sizes=\"auto, (max-width: 743px) 100vw, 743px\" \/><img loading=\"lazy\" decoding=\"async\" src=\"https:\/\/iascareproject.us.edu.pl\/wp-content\/uploads\/2022\/09\/1663662312317-scaled.jpg\" alt=\"\" class=\" wp-image-375 aligncenter\" width=\"743\" height=\"1050\" srcset=\"https:\/\/iascareproject.us.edu.pl\/wp-content\/uploads\/2022\/09\/1663662312317-scaled.jpg 1810w, https:\/\/iascareproject.us.edu.pl\/wp-content\/uploads\/2022\/09\/1663662312317-212x300.jpg 212w, https:\/\/iascareproject.us.edu.pl\/wp-content\/uploads\/2022\/09\/1663662312317-724x1024.jpg 724w, https:\/\/iascareproject.us.edu.pl\/wp-content\/uploads\/2022\/09\/1663662312317-768x1086.jpg 768w, https:\/\/iascareproject.us.edu.pl\/wp-content\/uploads\/2022\/09\/1663662312317-1086x1536.jpg 1086w, https:\/\/iascareproject.us.edu.pl\/wp-content\/uploads\/2022\/09\/1663662312317-1448x2048.jpg 1448w\" sizes=\"auto, (max-width: 743px) 100vw, 743px\" \/><\/a><\/p>","protected":false},"excerpt":{"rendered":"","protected":false},"author":1,"featured_media":119,"parent":0,"menu_order":0,"comment_status":"closed","ping_status":"closed","template":"","meta":{"footnotes":""},"class_list":["post-223","page","type-page","status-publish","has-post-thumbnail","hentry"],"_links":{"self":[{"href":"https:\/\/iascareproject.us.edu.pl\/index.php\/wp-json\/wp\/v2\/pages\/223","targetHints":{"allow":["GET"]}}],"collection":[{"href":"https:\/\/iascareproject.us.edu.pl\/index.php\/wp-json\/wp\/v2\/pages"}],"about":[{"href":"https:\/\/iascareproject.us.edu.pl\/index.php\/wp-json\/wp\/v2\/types\/page"}],"author":[{"embeddable":true,"href":"https:\/\/iascareproject.us.edu.pl\/index.php\/wp-json\/wp\/v2\/users\/1"}],"replies":[{"embeddable":true,"href":"https:\/\/iascareproject.us.edu.pl\/index.php\/wp-json\/wp\/v2\/comments?post=223"}],"version-history":[{"count":78,"href":"https:\/\/iascareproject.us.edu.pl\/index.php\/wp-json\/wp\/v2\/pages\/223\/revisions"}],"predecessor-version":[{"id":638,"href":"https:\/\/iascareproject.us.edu.pl\/index.php\/wp-json\/wp\/v2\/pages\/223\/revisions\/638"}],"wp:featuredmedia":[{"embeddable":true,"href":"https:\/\/iascareproject.us.edu.pl\/index.php\/wp-json\/wp\/v2\/media\/119"}],"wp:attachment":[{"href":"https:\/\/iascareproject.us.edu.pl\/index.php\/wp-json\/wp\/v2\/media?parent=223"}],"curies":[{"name":"wp","href":"https:\/\/api.w.org\/{rel}","templated":true}]}}