{"id":254,"date":"2022-03-15T17:26:31","date_gmt":"2022-03-15T17:26:31","guid":{"rendered":"https:\/\/iascareproject.us.edu.pl\/?page_id=254"},"modified":"2022-03-15T18:51:55","modified_gmt":"2022-03-15T18:51:55","slug":"o-projekcie","status":"publish","type":"page","link":"https:\/\/iascareproject.us.edu.pl\/index.php\/pl\/o-projekcie\/","title":{"rendered":"O PROJEKCIE"},"content":{"rendered":"<p><strong>Okres realizacji: czerwiec 2021 &#8211; kwiecie\u0144 2024<\/strong><\/p>\n<p><strong>Tytu\u0142 projektu:<\/strong> Zintegrowane podej\u015bcie do ochrony ekosystem\u00f3w przed inwazyjnymi ro\u015blinami obcymi w po\u0142udniowej Polsce \u2013 <strong>IAS\/EcoSystemCARE<\/strong><\/p>\n<p><strong>Nazwa programu:<\/strong> Program Operacyjny \u201e\u015arodowisko, Energia i Zmiany Klimatu\u2019\u2019 finansowany ze \u015brodk\u00f3w Mechanizmu Finansowego EOG 2014-2021 na dzia\u0142anie maj\u0105ce na celu \u201eZwi\u0119kszenie ochrony ekosystem\u00f3w przed inwazyjnymi gatunkami obcymi\u2019\u2019<\/p>\n<p><strong>Warto\u015b\u0107 ca\u0142kowita:<\/strong> 4 529 239,13 PLN<\/p>\n<p><strong>Dofinansowanie:<\/strong> 3 849 853,20 PLN<\/p>\n<p>\u2022 <strong>ze \u015brodk\u00f3w MF EOG:<\/strong> 3 272 375,22 PLN<br \/>\n\u2022 <strong>z bud\u017cetu pa\u0144stwa:<\/strong> 577 477,98 PLN<\/p>\n<p><strong>Wk\u0142ad w\u0142asny:<\/strong> 679 385,93 PLN<\/p>\n<p><strong>Cel projektu:<\/strong><br \/>\nCelem nadrz\u0119dnym Projektu pn. \u201cZintegrowane podej\u015bcie do ochrony ekosystem\u00f3w przed inwazyjnymi ro\u015blinami obcymi w po\u0142udniowej Polsce\u201d (akronim projektu: IAS\/EcoSystemCARE) jest wzmocnienie odporno\u015bci wybranych ekosystem\u00f3w, przede wszystkim nadrzecznych i l\u0105dowych (le\u015bnych, \u0142\u0105kowych, murawowych), na negatywne skutki zmian klimatu poprzez ich kompleksow\u0105 ochron\u0119 przed inwazyjnymi ro\u015blinami obcego pochodzenia, w szczeg\u00f3lno\u015bci gatunkami z rodzaju barszcz (Heracleum spp.), naw\u0142o\u0107 (Solidago spp.), rdestowiec (Reynoutria spp.) i niecierpek (n. gruczo\u0142owaty Impatiens glandulifera)<br \/>\nZakres przedmiotowy projektu:<\/p>\n<p style=\"padding-left: 40px;\">1. Aktywna ochrona ekosystem\u00f3w l\u0105dowych i nadrzecznych poprzez ograniczanie negatywnego wp\u0142ywu inwazyjnych gatunk\u00f3w ro\u015blin obcego pochodzenia (IAP &#8211; Invasive Alien Plants)<br \/>\n2. Wypracowanie, doskonalenie i testowanie innowacyjnych metod zwalczania IAP<br \/>\n3. Wczesna detekcja inwazyjnych gatunk\u00f3w ro\u015blin oraz \u017ar\u00f3de\u0142 ich rozprzestrzeniania poprzez podj\u0119cie pr\u00f3by identyfikacji dr\u00f3g ich rozprzestrzeniania si\u0119 w ekosystemach \/ na obszarach obj\u0119tych Projektem<br \/>\n4. Zwi\u0119kszenie \u015bwiadomo\u015bci spo\u0142ecze\u0144stwa w zakresie negatywnego wp\u0142ywu IAP na rodzim\u0105 przyrod\u0119<\/p>\n<p>Projekt jest realizowany w ramach Programu Operacyjnego \u201e\u015arodowisko, Energia i Zmiany Klimatu\u201d, finansowanego ze \u015brodk\u00f3w MF EOG 2014-2021 oraz z bud\u017cetu pa\u0144stwa.<\/p>\n<p><strong>Lokalizacja projektu:<\/strong><\/p>\n<p>Projekt jest realizowany na obszarze trzech wojew\u00f3dztw: \u015bl\u0105skiego, ma\u0142opolskiego i podkarpackiego na terenie obszar\u00f3w chronionych: dw\u00f3ch park\u00f3w narodowych, dw\u00f3ch rezerwat\u00f3w przyrody, czterech obszar\u00f3w Natura 2000 oraz na obszarach nieobj\u0119tych ochron\u0105 tj. na obszarze 7 gmin: 3 w woj. \u015bl\u0105skim (gmina miasta Katowice, gmina miasta Jaworzna i gmina Kosz\u0119cin), 3 w woj. ma\u0142opolskim (gmina miasta Krak\u00f3w, gmina<br \/>\nSkawina i gmina \u015awi\u0105tniki G\u00f3rne) oraz 1 w woj. podkarpackim (gmina Krempna).<\/p>\n","protected":false},"excerpt":{"rendered":"<p>Okres realizacji: czerwiec 2021 &#8211; kwiecie\u0144 2024 Tytu\u0142 projektu: Zintegrowane podej\u015bcie do ochrony ekosystem\u00f3w przed inwazyjnymi ro\u015blinami obcymi w po\u0142udniowej Polsce \u2013 IAS\/EcoSystemCARE Nazwa programu: Program Operacyjny \u201e\u015arodowisko, Energia i Zmiany Klimatu\u2019\u2019 finansowany ze \u015brodk\u00f3w Mechanizmu Finansowego EOG 2014-2021 na dzia\u0142anie maj\u0105ce na celu \u201eZwi\u0119kszenie ochrony ekosystem\u00f3w przed inwazyjnymi gatunkami [&hellip;]<\/p>\n","protected":false},"author":1,"featured_media":0,"parent":0,"menu_order":0,"comment_status":"closed","ping_status":"closed","template":"","meta":{"footnotes":""},"class_list":["post-254","page","type-page","status-publish","hentry"],"_links":{"self":[{"href":"https:\/\/iascareproject.us.edu.pl\/index.php\/wp-json\/wp\/v2\/pages\/254","targetHints":{"allow":["GET"]}}],"collection":[{"href":"https:\/\/iascareproject.us.edu.pl\/index.php\/wp-json\/wp\/v2\/pages"}],"about":[{"href":"https:\/\/iascareproject.us.edu.pl\/index.php\/wp-json\/wp\/v2\/types\/page"}],"author":[{"embeddable":true,"href":"https:\/\/iascareproject.us.edu.pl\/index.php\/wp-json\/wp\/v2\/users\/1"}],"replies":[{"embeddable":true,"href":"https:\/\/iascareproject.us.edu.pl\/index.php\/wp-json\/wp\/v2\/comments?post=254"}],"version-history":[{"count":3,"href":"https:\/\/iascareproject.us.edu.pl\/index.php\/wp-json\/wp\/v2\/pages\/254\/revisions"}],"predecessor-version":[{"id":259,"href":"https:\/\/iascareproject.us.edu.pl\/index.php\/wp-json\/wp\/v2\/pages\/254\/revisions\/259"}],"wp:attachment":[{"href":"https:\/\/iascareproject.us.edu.pl\/index.php\/wp-json\/wp\/v2\/media?parent=254"}],"curies":[{"name":"wp","href":"https:\/\/api.w.org\/{rel}","templated":true}]}}