{"id":268,"date":"2022-03-15T17:35:55","date_gmt":"2022-03-15T17:35:55","guid":{"rendered":"https:\/\/iascareproject.us.edu.pl\/?page_id=268"},"modified":"2026-04-13T18:58:15","modified_gmt":"2026-04-13T18:58:15","slug":"pliki","status":"publish","type":"page","link":"https:\/\/iascareproject.us.edu.pl\/index.php\/pl\/pliki\/","title":{"rendered":"DO POBRANIA"},"content":{"rendered":"\r\n<p><strong>Ulotki<\/strong><\/p>\r\n<p><strong><a class=\"i-link fm-file-name-link\" data-file=\"1_broszura_ulotka_+IASEcoSystemCARE.pdf\" href=\"https:\/\/iascareproject.us.edu.pl\/pliki\/1_broszura_ulotka_IASEcoSystemCARE.pdf\">1 broszura ulotka IASEcoSystemCARE<\/a><\/strong><\/p>\r\n<p><strong><a class=\"i-link fm-file-name-link\" data-file=\"1_broszura_ulotka_+IASEcoSystemCARE.pdf\" href=\"https:\/\/iascareproject.us.edu.pl\/pliki\/2_broszura_ulotka_IASEcoSystemCARE.pdf\">2 broszura ulotka IASEcoSystemCARE<\/a><\/strong><\/p>\r\n<p><strong><a class=\"i-link fm-file-name-link\" data-file=\"1_broszura_ulotka_+IASEcoSystemCARE.pdf\" href=\"https:\/\/iascareproject.us.edu.pl\/pliki\/3_broszura_ulotka_IASEcoSystemCARE.pdf\">3 broszura ulotka IASEcoSystemCARE<\/a><\/strong><\/p>\r\n<p><strong><a class=\"i-link fm-file-name-link\" data-file=\"1_broszura_ulotka_+IASEcoSystemCARE.pdf\" href=\"https:\/\/iascareproject.us.edu.pl\/pliki\/4_broszura_ulotka_IASEcoSystemCARE.pdf\">4 broszura ulotka IASEcoSystemCARE<\/a><\/strong><\/p>\r\n<p><strong><a class=\"i-link fm-file-name-link\" data-file=\"1_broszura_ulotka_+IASEcoSystemCARE.pdf\" href=\"https:\/\/iascareproject.us.edu.pl\/pliki\/5_broszura_ulotka_IASEcoSystemCARE.pdf\">5 broszura ulotka IASEcoSystemCARE<\/a><\/strong><\/p>\r\n<p><strong>Ksi\u0105\u017cka: Ochrona ekosystem\u00f3w przed inwazyjnymi gatunkami ro\u015blin obcego pochodzenia w po\u0142udniowej Polsce \u2013 dobre praktyki i nowe wyzwania<\/strong><\/p>\r\n<p><strong><a href=\"http:\/\/iascareproject.us.edu.pl\/pliki\/Ochrona_ekosystemow_przed_inwazyjnymi_gatunkami_roslin.pdf\">Ksi\u0105\u017cka\u00a0<\/a><\/strong><\/p>\r\n<p><a href=\"http:\/\/Errata_spisu_tresci_Ochrona_ekosytemow.pdf\"><strong>Errata do spisu tre\u015bci<\/strong><\/a><\/p>\r\n<p><strong>Scenariusze edukacyjne:<\/strong><\/p>\r\n\r\n\r\n\r\n<p><a href=\"https:\/\/iascareproject.us.edu.pl\/files\/escape_room_rosliny_inwazyjne.pdf\"><strong>Escape Room (ro\u015bliny inwazyjne)<\/strong><\/a><\/p>\r\n\r\n\r\n\r\n<p><a href=\"https:\/\/iascareproject.us.edu.pl\/files\/inwazjaobcych.pdf\"><strong>Inwazja obcych<\/strong><\/a><\/p>\r\n\r\n\r\n\r\n<p><a href=\"https:\/\/iascareproject.us.edu.pl\/files\/rosliny_inwazyjne_prezentacja_dla_uczniow_10-13lat.pptx\"><strong>Wyk\u0142ad (ro\u015bliny inwazyne 10-13 lat)<\/strong><\/a><\/p>\r\n\r\n\r\n\r\n<p><a href=\"https:\/\/iascareproject.us.edu.pl\/files\/warsztaty_na_temat_wodnych_roslin_inwazyjnych.pdf\"><strong>Warsztaty (wodne ro\u015bliny inwazyjne)<\/strong><\/a><\/p>\r\n\r\n\r\n\r\n<p><strong>Formularze zg\u0142oszeniowe:<\/strong><\/p>\r\n\r\n\r\n\r\n<p><a href=\"https:\/\/iascareproject.us.edu.pl\/wp-content\/uploads\/2022\/11\/formularz-zgloszeniowy-szkolen_Jaworzno_IASEcoSystemCARE_fv2.docx\"><strong>Szkolenie nt. INWAZYJNYCH GATUNK\u00d3W OBCYCH RO\u015aLIN &#8211; Jaworzno<\/strong><\/a><\/p>\r\n\r\n\r\n\r\n<p><a href=\"https:\/\/iascareproject.us.edu.pl\/wp-content\/uploads\/2022\/11\/formularz-zgloszeniowy-szkolen_pszczelarze_IASEcoSystemCARE_fv1.docx\"><strong>Szkolenie nt. <\/strong><\/a><strong><a href=\"https:\/\/iascareproject.us.edu.pl\/wp-content\/uploads\/2022\/11\/formularz-zgloszeniowy-szkolen_pszczelarze_IASEcoSystemCARE_fv1.docx\">INWAZYJNYCH GATUNK\u00d3W OBCYCH RO\u015aLIN &#8211; Katowice \/ Jaworzno<\/a><br \/><\/strong><\/p>\r\n\r\n\r\n\r\n<p><a href=\"https:\/\/iascareproject.us.edu.pl\/wp-content\/uploads\/2022\/09\/13_formularz-zgloszeniowy-szkolen_Jaworzno_IASEcoSystemCARE_fv.pdf\"><span class=\"markedContent\" id=\"page5R_mcid10\"><strong><span role=\"presentation\" dir=\"ltr\">Szkolenie nt. <\/span><\/strong><\/span><\/a><strong><span class=\"markedContent\" id=\"page5R_mcid11\"><\/span><span class=\"markedContent\" id=\"page5R_mcid12\"><span role=\"presentation\" dir=\"ltr\"><a href=\"https:\/\/iascareproject.us.edu.pl\/wp-content\/uploads\/2022\/09\/13_formularz-zgloszeniowy-szkolen_Jaworzno_IASEcoSystemCARE_fv.pdf\">INWAZYJNYCH GATUNK\u00d3W OBCYCH RO\u015aLIN &#8211; Jaworzno<\/a><br \/><\/span><\/span><\/strong><\/p>\r\n","protected":false},"excerpt":{"rendered":"<p>Ulotki 1 broszura ulotka IASEcoSystemCARE 2 broszura ulotka IASEcoSystemCARE 3 broszura ulotka IASEcoSystemCARE 4 broszura ulotka IASEcoSystemCARE 5 broszura ulotka IASEcoSystemCARE Ksi\u0105\u017cka: Ochrona ekosystem\u00f3w przed inwazyjnymi gatunkami ro\u015blin obcego pochodzenia w po\u0142udniowej Polsce \u2013 dobre praktyki i nowe wyzwania Ksi\u0105\u017cka\u00a0 Errata do spisu tre\u015bci Scenariusze edukacyjne: Escape Room (ro\u015bliny inwazyjne) [&hellip;]<\/p>\n","protected":false},"author":1,"featured_media":0,"parent":0,"menu_order":0,"comment_status":"closed","ping_status":"closed","template":"","meta":{"footnotes":""},"class_list":["post-268","page","type-page","status-publish","hentry"],"_links":{"self":[{"href":"https:\/\/iascareproject.us.edu.pl\/index.php\/wp-json\/wp\/v2\/pages\/268","targetHints":{"allow":["GET"]}}],"collection":[{"href":"https:\/\/iascareproject.us.edu.pl\/index.php\/wp-json\/wp\/v2\/pages"}],"about":[{"href":"https:\/\/iascareproject.us.edu.pl\/index.php\/wp-json\/wp\/v2\/types\/page"}],"author":[{"embeddable":true,"href":"https:\/\/iascareproject.us.edu.pl\/index.php\/wp-json\/wp\/v2\/users\/1"}],"replies":[{"embeddable":true,"href":"https:\/\/iascareproject.us.edu.pl\/index.php\/wp-json\/wp\/v2\/comments?post=268"}],"version-history":[{"count":10,"href":"https:\/\/iascareproject.us.edu.pl\/index.php\/wp-json\/wp\/v2\/pages\/268\/revisions"}],"predecessor-version":[{"id":649,"href":"https:\/\/iascareproject.us.edu.pl\/index.php\/wp-json\/wp\/v2\/pages\/268\/revisions\/649"}],"wp:attachment":[{"href":"https:\/\/iascareproject.us.edu.pl\/index.php\/wp-json\/wp\/v2\/media?parent=268"}],"curies":[{"name":"wp","href":"https:\/\/api.w.org\/{rel}","templated":true}]}}