{"id":284,"date":"2022-03-15T17:44:11","date_gmt":"2022-03-15T17:44:11","guid":{"rendered":"https:\/\/iascareproject.us.edu.pl\/?page_id=284"},"modified":"2022-04-24T16:31:10","modified_gmt":"2022-04-24T16:31:10","slug":"iaps-2","status":"publish","type":"page","link":"https:\/\/iascareproject.us.edu.pl\/index.php\/pl\/iaps-2\/","title":{"rendered":"IAPS"},"content":{"rendered":"<p><strong>Barszcz Mantegazziego (<em>Heracleum mantegazzianum<\/em> Sommier &amp; Levier)<\/strong><\/p>\n<p><em>Pochodzenie<\/em>: Kaukaz (obszar Gruzji i Rosji) i tereny przyleg\u0142e.<\/p>\n<p><em>Wyst\u0119powanie w Polsce:<\/em> na bardzo wielu stanowiskach, kt\u00f3re w wi\u0119kszo\u015bci maj\u0105 charakter spontaniczny.<\/p>\n<p><em>Spos\u00f3b rozprzestrzeniania<\/em><em>:<\/em> przez nasiona przenoszone z nurtem wody, z wiatrem, wskutek niezamierzonych dzia\u0142a\u0144 ludzi lub przez zwierz\u0119ta.<\/p>\n<p><em>Kolonizowane siedliska<\/em>: brzegi rzek i miejsca ruderalne, zw\u0142aszcza przydro\u017ca.<\/p>\n<p><em>Cel wprowadzenia<\/em><em>: <\/em>sprowadzony jako ro\u015blina ozdobna i miododajna.<\/p>\n<p><em>Czynniki sprzyjaj\u0105ce inwazji: <\/em>znaczne rozmiary ro\u015blin, du\u017ca zdolno\u015b\u0107 regeneracji, du\u017ca liczba wytwarzanych nasion i\u00a0wysoka ich \u017cywotno\u015b\u0107, w\u0142a\u015bciwo\u015bci allelopatyczne, toksyczny sok stanowi\u0105cy skuteczn\u0105 obron\u0119 przeciw ro\u015blino\u017cercom.<\/p>\n<p><em>Negatywne oddzia\u0142ywanie<\/em>: z \u0142atwo\u015bci\u0105 kolonizuje nowe tereny zmieniaj\u0105c charakter dotychczasowych zbiorowisk ro\u015blinnych; negatywnie wp\u0142ywa na gatunki rodzime poprzez masowy rozw\u00f3j siewek i zacienienie innych ro\u015blin.<\/p>\n<p><em><span style=\"color: #ff0000;\"><strong>!<\/strong><strong><span style=\"color: #ff0000;\">!<\/span>Gatunek jest niebezpieczny dla zdrowia i \u017cycia ludzi oraz zwierz\u0105t hodowlanych lub domowych, gdy\u017c w wyniku kontaktu sk\u00f3ry z wydzielan\u0105 przez ro\u015blin\u0119 furanokumaryn\u0105, powoduje oparzenia II\/III stopnia!!<\/strong><\/span><\/em><\/p>\n<p>Wi\u0119cej informacji:<\/p>\n<p><a href=\"http:\/\/projekty.gdos.gov.pl\/files\/artykuly\/127061\/Heracleum-mantegazzianum_barszcz-mantegazziego_KG_WWW_icon.pdf\">http:\/\/projekty.gdos.gov.pl\/files\/artykuly\/127061\/Heracleum-mantegazzianum_barszcz-mantegazziego_KG_WWW_icon.pdf<\/a><\/p>\n<p>&nbsp;<\/p>\n<p><strong>Barszcz Sosnowskiego (<em>Heracleum sosnowskyi<\/em> Manden.)<\/strong><\/p>\n<p><em>Pochodzenie<\/em>: Kaukaz (obszar Gruzji i Rosji) i tereny przyleg\u0142e.<\/p>\n<p><em>Wyst\u0119powanie w Polsce:<\/em> utrzymuje si\u0119 na stanowiskach zwi\u0105zanych z dawnymi miejscami upraw, ale coraz cz\u0119\u015bciej pojawia si\u0119 na nowych obszarach oddalonych od p\u00f3l uprawnych.<\/p>\n<p><em>Spos\u00f3b rozprzestrzeniania<\/em><em>:<\/em> przez nasiona przenoszone z nurtem wody, z wiatrem, wskutek niezamierzonych dzia\u0142a\u0144 ludzi lub przez zwierz\u0119ta.<\/p>\n<p><em>Kolonizowane siedliska<\/em>: zazwyczaj \u0142\u0105ki i miejsca ruderalne, zw\u0142aszcza obrze\u017ca p\u00f3l uprawnych, przydro\u017ca, tereny kolejowe, dzikie wysypiska \u015bmieci, w otoczeniu budynk\u00f3w, wzd\u0142u\u017c row\u00f3w melioracyjnych, w zadrzewieniach i zakrzewieniach, lasach i na \u015br\u00f3dle\u015bnych polanach, tak\u017ce na brzegach rzek.<\/p>\n<p><em>Cel wprowadzenia<\/em><em>: <\/em>sprowadzony najpierw do uprawy eksperymentalnej, a nast\u0119pnie masowo uprawiany w Pa\u0144stwowych Gospodarstwach Rolnych na terenie ca\u0142ego kraju jako ro\u015blina paszowa (kiszonki dla byd\u0142a), ozdobna i miododajna.<\/p>\n<p><em>Czynniki sprzyjaj\u0105ce inwazji: <\/em>znaczne rozmiary ro\u015blin, du\u017ca zdolno\u015b\u0107 regeneracji, du\u017ca liczba wytwarzanych nasion i\u00a0wysoka ich \u017cywotno\u015b\u0107, w\u0142a\u015bciwo\u015bci allelopatyczne, toksyczny sok stanowi\u0105cy skuteczn\u0105 obron\u0119 przeciw ro\u015blino\u017cercom.<\/p>\n<p><em>Negatywne oddzia\u0142ywanie<\/em>: z \u0142atwo\u015bci\u0105 kolonizuje nowe tereny zmieniaj\u0105c charakter dotychczasowych zbiorowisk ro\u015blinnych; negatywnie wp\u0142ywa na gatunki rodzime poprzez masowy rozw\u00f3j siewek i zacienienie innych ro\u015blin.<\/p>\n<p><strong><span style=\"color: #ff0000;\"><em>!!Gatunek jest niebezpieczny dla zdrowia i \u017cycia ludzi oraz zwierz\u0105t hodowlanych lub domowych, gdy\u017c w wyniku kontaktu sk\u00f3ry z wydzielan\u0105 przez ro\u015blin\u0119 furanokumaryn\u0105, powoduje oparzenia II\/III stopnia!!<\/em><\/span><\/strong><\/p>\n<p>Wi\u0119cej informacji:<\/p>\n<p><a href=\"http:\/\/projekty.gdos.gov.pl\/files\/artykuly\/127063\/Heracleum-sosnowskyi_barszcz-sosnowskiego_KG_WWW_icon.pdf\">http:\/\/projekty.gdos.gov.pl\/files\/artykuly\/127063\/Heracleum-sosnowskyi_barszcz-sosnowskiego_KG_WWW_icon.pdf<\/a><\/p>\n<p>&nbsp;<\/p>\n<p><strong>Niecierpek gruczo\u0142owaty (<\/strong><em><strong>Impatiens<\/strong><\/em><strong>\u00a0<em>glandulifera<\/em>\u00a0Royle)<\/strong><\/p>\n<p><em>Pochodzenie<\/em>: zachodnia cz\u0119\u015b\u0107 Himalaj\u00f3w (Azja \u015arodkowa).<\/p>\n<p><em>Wyst\u0119powanie w Polsce:<\/em> gatunek powszechny na obszarze ca\u0142ego kraju, g\u0142\u00f3wnie w dolinach rzecznych.<\/p>\n<p><em>Spos\u00f3b rozprzestrzeniania<\/em><em>:<\/em> przez nasiona przenoszone z nurtem wody, wskutek niezamierzonych dzia\u0142a\u0144 ludzi lub przez zwierz\u0119ta.<\/p>\n<p><em>Kolonizowane siedliska<\/em>: ods\u0142oni\u0119te brzegi ciek\u00f3w, szuwary, zio\u0142oro\u015bla okrajkowe, kamie\u0144ce nadrzeczne; pojawia si\u0119 r\u00f3wnie\u017c w \u0142\u0119gach i zaro\u015blach wierzbowych, w buczynach, zniekszta\u0142conych gr\u0105dach i m\u0142odych nasadzeniach r\u00f3\u017cnych gatunk\u00f3w drzew; ro\u015bnie r\u00f3wnie\u017c na wilgotnych siedliskach ruderalnych oraz rzadko jako chwast w uprawach rolnych.<\/p>\n<p><em>Cel wprowadzenia<\/em><em>: <\/em>sprowadzony jako ro\u015blina ozdobna i miododajna.<\/p>\n<p><em>Czynniki sprzyjaj\u0105ce inwazji: <\/em>du\u017ca liczba wytwarzanych nasion i mechanizm ich rozsiewania tj. rozrzucanie nasion podczas gwa\u0142townego p\u0119kania owoc\u00f3w.<\/p>\n<p><em>Negatywne oddzia\u0142ywanie<\/em>: z \u0142atwo\u015bci\u0105 kolonizuje siedliska podmok\u0142e; negatywnie wp\u0142ywa na gatunki rodzime poprzez szybki i synchroniczny wzrost siewek; konkuruje z rodzimymi gatunkami ro\u015blin o przestrze\u0144, wod\u0119 i sk\u0142adniki pokarmowe oraz owady zapylaj\u0105ce.<\/p>\n<p>Wi\u0119cej informacji:<\/p>\n<p><a href=\"http:\/\/projekty.gdos.gov.pl\/files\/artykuly\/127066\/Impatiens-glandulifera_KG_WWW_icon.pdf\">http:\/\/projekty.gdos.gov.pl\/files\/artykuly\/127066\/Impatiens-glandulifera_KG_WWW_icon.pdf<\/a><\/p>\n<p>&nbsp;<\/p>\n<p><strong>Rdestowiec japo\u0144ski\/ r. ostroko\u0144czysty (<\/strong><em><strong>Reynoutria japonica<\/strong><\/em><strong>\u00a0Houtt.)<\/strong><\/p>\n<p><em>Pochodzenie<\/em>: Azja Wschodnia.<\/p>\n<p><em>Wyst\u0119powanie w Polsce:<\/em> najszerzej rozprzestrzeniony spo\u015br\u00f3d rdestowc\u00f3w w szczeg\u00f3lno\u015bci na po\u0142udniu kraju.<\/p>\n<p><em>Spos\u00f3b rozprzestrzeniania<\/em><em>:<\/em> przez silny rozrost i fragmentacj\u0119 k\u0142\u0105czy oraz p\u0119d\u00f3w, rzadziej przez nasiona<\/p>\n<p>przenoszone przez wod\u0119 (szczeg\u00f3lnie w czasie wezbra\u0144 rzek), wskutek niezamierzonych dzia\u0142a\u0144 ludzi lub rzadziej przez zwierz\u0119ta.<\/p>\n<p><em>Kolonizowane siedliska<\/em>: przydro\u017ca, nasypy kolejowe, nieu\u017cytki miejskie i poprzemys\u0142owe, parki, cmentarze i ogrody przydomowe; bez trudu kolonizuje tak\u017ce siedliska naturalne m.in. brzegi rzek, okrajki las\u00f3w i zaro\u015bli; gatunek wnika do las\u00f3w, szczeg\u00f3lnie \u0142\u0119gowych, coraz cz\u0119\u015bciej wyst\u0119puje na terenach rolniczych.<\/p>\n<p><em>Cel wprowadzenia<\/em><em>: <\/em>jako ro\u015blina ozdobna, p\u00f3\u017aniej uprawiana jako miododajna i energetyczna.<\/p>\n<p><em>Czynniki sprzyjaj\u0105ce inwazji: <\/em>znaczne rozmiary ro\u015blin, szybkie tempo wzrostu, du\u017ce zdolno\u015bci regeneracyjne k\u0142\u0105czy i p\u0119d\u00f3w.<\/p>\n<p><em>Negatywne oddzia\u0142ywanie<\/em>: z \u0142atwo\u015bci\u0105 kolonizuje nowe tereny zmieniaj\u0105c charakter dotychczasowych zbiorowisk ro\u015blinnych; najbardziej szkodliwe jest przenikanie rdestowca ostroko\u0144czystego na obszary chronione; w znacznym stopniu wp\u0142ywa ograniczaj\u0105co na r\u00f3\u017cnorodno\u015b\u0107 biologiczn\u0105 siedlisk naturalnych i p\u00f3\u0142naturalnych, a w szczeg\u00f3lno\u015bci ekosystem\u00f3w \u0142\u0119gowych, tworz\u0105c zwarte, jednogatunkowe p\u0142aty, cz\u0119sto zajmuj\u0105ce rozleg\u0142e obszary; skutecznie konkuruje z rodzimymi gatunkami ro\u015blin, cz\u0119sto utrudniaj\u0105c ich wzrost i regeneracj\u0119; przede wszystkim ogranicza dost\u0119p do \u015bwiat\u0142a, ze wzgl\u0119du na tworzenie zwartych p\u0142at\u00f3w i g\u0119ste ustawienie li\u015bci na p\u0119dach; uniemo\u017cliwia kie\u0142kowanie nasion i rozw\u00f3j wielu rodzimych gatunk\u00f3w ro\u015blin, poniewa\u017c tworzy grub\u0105 i wolno rozk\u0142adaj\u0105c\u0105 si\u0119 warstw\u0119 opad\u0142ych li\u015bci i \u0142odyg; powoduje spadek liczebno\u015bci wsp\u00f3\u0142wyst\u0119puj\u0105cych ro\u015blin i bezkr\u0119gowc\u00f3w, oddzia\u0142uje na inne ro\u015bliny allelopatycznie.<\/p>\n<p>Wi\u0119cej informacji:<\/p>\n<p><a href=\"http:\/\/projekty.gdos.gov.pl\/files\/artykuly\/127085\/Reynoutria-japonica_rdestowiec-japonski_KG_WWW_icon.pdf\">http:\/\/projekty.gdos.gov.pl\/files\/artykuly\/127085\/Reynoutria-japonica_rdestowiec-japonski_KG_WWW_icon.pdf<\/a><\/p>\n<p>&nbsp;<\/p>\n<p><strong>Rdestowiec czeski (<em>Reynoutria x bohemica<\/em> Chrtek &amp; Chrtkova)<\/strong><\/p>\n<p><em>Pochodzenie<\/em>: Azja Wschodnia \u2013 mieszaniec rdestowca ostroko\u0144czystego i rdestowca sachali\u0144skiego<\/p>\n<p><em>Wyst\u0119powanie w Polsce:<\/em> obecnie rozpowszechniony na terenie ca\u0142ego kraju lecz na rozproszonych i stosunkowo nielicznych stanowiskach, szczeg\u00f3lnie na \u015al\u0105sku i w okolicach Warszawy, gdzie tworzy cz\u0119sto zwarte jednogatunkowe p\u0142aty zajmuj\u0105ce du\u017ce powierzchnie; przyjmuje si\u0119, \u017ce rozmieszczenie gatunku jest mocno niedoszacowane, a liczba stanowisk zani\u017cona, ze wzgl\u0119du na cz\u0119ste trudno\u015bci w odr\u00f3\u017cnieniu miesza\u0144ca od gatunk\u00f3w rodzicielskich, zw\u0142aszcza r. ostroko\u0144czystego.<\/p>\n<p><em>Spos\u00f3b rozprzestrzeniania<\/em><em>:<\/em> przez silny rozrost i fragmentacj\u0119 k\u0142\u0105czy oraz p\u0119d\u00f3w, rzadziej przez nasiona<\/p>\n<p>przenoszone przez wod\u0119 (szczeg\u00f3lnie w czasie wezbra\u0144 rzek), wskutek niezamierzonych dzia\u0142a\u0144 ludzi lub rzadziej przez zwierz\u0119ta.<\/p>\n<p><em>Kolonizowane siedliska<\/em>: wykazuje tolerancj\u0119 na wysok\u0105 temperatur\u0119, susz\u0119, zasolenie i okresowe wylewy w\u00f3d; najcz\u0119\u015bciej spotykany na r\u00f3\u017cnych typach siedlisk antropogenicznych jak przydro\u017ca, nasypy kolejowe czy nieu\u017cytki miejskie; opanowuje tak\u017ce siedliska nadrzeczne (\u0142\u0119gowe), gdzie cz\u0119sto wsp\u00f3\u0142wyst\u0119puje z gatunkami rodzicielskimi (przede wszystkim z r. ostroko\u0144czystym); w ostatnim czasie coraz cz\u0119\u015bciej notowany na terenach rolniczych np. w uprawach kukurydzy.<\/p>\n<p><em>Cel wprowadzenia<\/em><em>: <\/em>prawdopodobnie pocz\u0105tkowo m\u00f3g\u0142 by\u0107 wprowadzony jako ro\u015blina ozdobna (pod nazw\u0105 rdestowca ostroko\u0144czystego, od kt\u00f3rego nie by\u0142 w\u00f3wczas odr\u00f3\u017cniany), p\u00f3\u017aniej rozprzestrzeni\u0142 si\u0119 spontanicznie.<\/p>\n<p><em>Czynniki sprzyjaj\u0105ce inwazji: <\/em>znaczne rozmiary ro\u015blin, szybkie tempo wzrostu, du\u017ce zdolno\u015bci regeneracyjne k\u0142\u0105czy i p\u0119d\u00f3w.<\/p>\n<p><em>Negatywne oddzia\u0142ywanie<\/em>: z \u0142atwo\u015bci\u0105 kolonizuje nowe tereny zmieniaj\u0105c charakter dotychczasowych zbiorowisk ro\u015blinnych; najbardziej szkodliwe jest przenikanie rdestowca czeskiego na obszary chronione;<\/p>\n<p>uwa\u017cany za bardziej inwazyjny gatunek w por\u00f3wnaniu do form rodzicielskich odznaczaj\u0105cy si\u0119 wi\u0119kszym potencja\u0142em do tworzenia zwartych, g\u0119stych p\u0142at\u00f3w (w wyniku wegetatywnego rozprzestrzeniania si\u0119) na rozleg\u0142ych nas\u0142onecznionych, bogatych w azot i wilgotnych terenach; skutecznie konkuruje z rodzimymi gatunkami ro\u015blin, ogranicza i uniemo\u017cliwia kie\u0142kowanie nasion wielu gatunk\u00f3w ro\u015blin rodzimych z powodu tworzenia grubej i wolno rozk\u0142adaj\u0105cej si\u0119 warstwy opad\u0142ych li\u015bci i \u0142odyg, a tak\u017ce poprzez uwalnianie zwi\u0105zk\u00f3w allelopatycznych wp\u0142ywaj\u0105cych hamuj\u0105co na wzrost innych ro\u015blin uniemo\u017cliwiaj\u0105c im regeneracj\u0119; porastaj\u0105c brzegi ciek\u00f3w mog\u0105 przyczynia\u0107 si\u0119 do erozji brzeg\u00f3w, zmiany przep\u0142ywu w\u00f3d; oddzia\u0142ywania te mog\u0105 powodowa\u0107 trudno odwracalne zmiany proces\u00f3w zachodz\u0105cych w szczeg\u00f3lno\u015bci w siedliskach o charakterze p\u00f3\u0142naturalnym.<\/p>\n<p>Wi\u0119cej informacji:<\/p>\n<p><a href=\"http:\/\/projekty.gdos.gov.pl\/files\/artykuly\/127087\/Reynoutria-xbohemica_rdestowiec-czeski_KG_WWW_icon.pdf\">http:\/\/projekty.gdos.gov.pl\/files\/artykuly\/127087\/Reynoutria-xbohemica_rdestowiec-czeski_KG_WWW_icon.pdf<\/a><\/p>\n<p>&nbsp;<\/p>\n<p><strong>Rdestowiec sachali\u0144ski (<em>Reynoutria sachalinensis<\/em> (F. Schmidt) Nakai)<\/strong><\/p>\n<p><em>Pochodzenie<\/em>: Azja Wschodnia.<\/p>\n<p><em>Wyst\u0119powanie w Polsce:<\/em> obecnie wyst\u0119puje na licznych, cho\u0107 rozproszonych stanowiskach na obszarze ca\u0142ego kraju, tworz\u0105c cz\u0119sto jednogatunkowe p\u0142aty zajmuj\u0105ce rozleg\u0142e powierzchnie; najwi\u0119ksza koncentracja stanowisk gatunku znajduje si\u0119 w po\u0142udniowo-zachodniej i p\u00f3\u0142nocnej cz\u0119\u015bci kraju.<\/p>\n<p><em>Spos\u00f3b rozprzestrzeniania<\/em><em>:<\/em> przez silny rozrost i fragmentacj\u0119 k\u0142\u0105czy oraz p\u0119d\u00f3w, rzadziej przez nasiona<\/p>\n<p>przenoszone przez wod\u0119 (szczeg\u00f3lnie w czasie wezbra\u0144 rzek), wskutek niezamierzonych dzia\u0142a\u0144 ludzi lub rzadziej przez zwierz\u0119ta.<\/p>\n<p><em>Kolonizowane siedliska<\/em>: najcz\u0119\u015bciej kolonizuje tereny dawnych posiad\u0142o\u015bci ziemskich, wyst\u0119puje w zabytkowych parkach dworskich, ogrodach miejskich i przydomowych, na cmentarzach, tak\u017ce na brzegach rzek, skrajach las\u00f3w i zaro\u015bli, ale r\u00f3wnie\u017c na nieu\u017cytkach, przydro\u017cach i w rowach.<\/p>\n<p><em>Cel wprowadzenia<\/em><em>: <\/em>jako ro\u015blina ozdobna, p\u00f3\u017aniej uprawiana jako miododajna i energetyczna.<\/p>\n<p><em>Czynniki sprzyjaj\u0105ce inwazji: <\/em>znaczne rozmiary ro\u015blin, szybkie tempo wzrostu, du\u017ce zdolno\u015bci regeneracyjne k\u0142\u0105czy i p\u0119d\u00f3w.<\/p>\n<p><em>Negatywne oddzia\u0142ywanie<\/em>: z \u0142atwo\u015bci\u0105 kolonizuje nowe tereny zmieniaj\u0105c charakter dotychczasowych zbiorowisk ro\u015blinnych; najbardziej szkodliwe jest przenikanie rdestowca ostroko\u0144czystego na obszary chronione; wyst\u0119puje w zwartych \u0142anach, w zwi\u0105zku z tym populacje gatunku pogarszaj\u0105 warunki \u015bwietlne oraz powoduj\u0105 zmiany w tempie rozk\u0142adu materii opanowanych siedlisk; ze wzgl\u0119du na szybki wzrost, du\u017ce rozmiary gatunek skutecznie konkuruje z rodzimymi gatunkami ro\u015blin, ogranicza i uniemo\u017cliwia kie\u0142kowanie nasion wielu gatunk\u00f3w ro\u015blin rodzimych z powodu tworzenia grubej i wolno rozk\u0142adaj\u0105cej si\u0119 warstwy opad\u0142ych li\u015bci i \u0142odyg, a tak\u017ce poprzez uwalnianie zwi\u0105zk\u00f3w allelopatycznych wp\u0142ywaj\u0105cych hamuj\u0105co na wzrost innych ro\u015blin uniemo\u017cliwiaj\u0105c im regeneracj\u0119; porastaj\u0105c brzegi ciek\u00f3w mo\u017ce przyczynia\u0107 si\u0119 do erozji brzeg\u00f3w, zmiany przep\u0142ywu w\u00f3d; oddzia\u0142ywania te mog\u0105 powodowa\u0107 trudno odwracalne zmiany proces\u00f3w zachodz\u0105cych w szczeg\u00f3lno\u015bci w siedliskach o charakterze p\u00f3\u0142naturalnym.<\/p>\n<p>Wi\u0119cej informacji:<\/p>\n<p><a href=\"http:\/\/projekty.gdos.gov.pl\/files\/artykuly\/127086\/Reynoutria-sachalinensis_rdestowiec-sachalinski_KG_WWW_icon.pdf\">http:\/\/projekty.gdos.gov.pl\/files\/artykuly\/127086\/Reynoutria-sachalinensis_rdestowiec-sachalinski_KG_WWW_icon.pdf<\/a><\/p>\n<p>&nbsp;<\/p>\n<p><strong>Naw\u0142o\u0107 kanadyjska (<em>Solidago candensis<\/em> L.)<\/strong><\/p>\n<p><em>Pochodzenie<\/em>: Ameryka P\u00f3\u0142nocna.<\/p>\n<p><em>Wyst\u0119powanie w Polsce:<\/em> szeroko rozprzestrzeniony w Polsce; obecnie najwi\u0119ksza koncentracja stanowisk wyst\u0119puje w po\u0142udniowych i po\u0142udniowo-zachodnich rejonach kraju.<\/p>\n<p><em>Spos\u00f3b rozprzestrzeniania<\/em><em>:<\/em> przez lekkie nasiona rozsiewane przez wiatr oraz silny rozrost k\u0142\u0105czy, kt\u00f3re mog\u0105 by\u0107 roznoszone wskutek niezamierzonych dzia\u0142a\u0144 ludzi.<\/p>\n<p><em>Kolonizowane siedliska<\/em>: zar\u00f3wno na siedliskach p\u00f3\u0142naturalnych i naturalnych: w lasach, zaro\u015blach, w dolinach i na brzegach rzek oraz zbiornik\u00f3w wodnych, na \u0142\u0105kach suchych i wilgotnych, jak r\u00f3wnie\u017c na siedliskach antropogenicznych: na nasypach, groblach pomi\u0119dzy stawami, w sadach, na przydro\u017cach i terenach kolejowych; odnotowano tak\u017ce stanowiska na przydro\u017cach dr\u00f3g le\u015bnych i w uprawach le\u015bnych; mo\u017ce by\u0107 tak\u017ce chwastem upraw (np. wierzby energetycznej).<\/p>\n<p><em>Cel wprowadzenia<\/em><em>: <\/em>pocz\u0105tkowo jako ro\u015blina ozdobna, p\u00f3\u017aniej tak\u017ce jako miododajna.<\/p>\n<p><em>Czynniki sprzyjaj\u0105ce inwazji: <\/em>du\u017ca liczba nasion, szybki wzrost klonalny za pomoc\u0105 k\u0142\u0105czy.<\/p>\n<p><em>Negatywne oddzia\u0142ywanie<\/em>: z \u0142atwo\u015bci\u0105 kolonizuje nowe tereny zmieniaj\u0105c charakter dotychczasowych zbiorowisk ro\u015blinnych; szczeg\u00f3lne zagro\u017cenie stwarza dla rzadkich i cennych gatunk\u00f3w siedlisk m.in. \u0142\u0105kowych; tworzy zwarte i g\u0119ste jednogatunkowe p\u0142aty utrudniaj\u0105c wzrost oraz regeneracj\u0119 innych ro\u015blin i w efekcie prowadzi do zmniejszenia bogactwa rodzimych gatunk\u00f3w ro\u015blin; mo\u017ce utrudnia\u0107 kie\u0142kowanie siewek wielu gatunk\u00f3w rodzimych, poprzez uwalnianie zwi\u0105zk\u00f3w allelopatycznych, kt\u00f3re hamuj\u0105 rozw\u00f3j innych ro\u015blin; w\u0142a\u015bciwo\u015bci allelopatyczne naw\u0142oci tak\u017ce skutecznie ograniczaj\u0105 rozw\u00f3j patogen\u00f3w glebowych, co sprzyja inwazji gatunku i wzmacnia jego dominacj\u0119 na kolonizowanych terenach i prowadzi do homogenizacji krajobrazu; przyczynia si\u0119 tak\u017ce do ograniczenia liczebno\u015bci zapylaczy.<\/p>\n<p>Wi\u0119cej informacji:<\/p>\n<p><a href=\"http:\/\/projekty.gdos.gov.pl\/files\/artykuly\/127094\/Solidago-candensis_nawloc-kanadyjska_KG_WWW_icon.pdf\">http:\/\/projekty.gdos.gov.pl\/files\/artykuly\/127094\/Solidago-candensis_nawloc-kanadyjska_KG_WWW_icon.pdf<\/a><\/p>\n<p>&nbsp;<\/p>\n<p><strong>Naw\u0142o\u0107 p\u00f3\u017ana (<em>Solidago gigantea<\/em> Aiton)<\/strong><\/p>\n<p><em>Pochodzenie<\/em>: Ameryka P\u00f3\u0142nocna.<\/p>\n<p><em>Wyst\u0119powanie w Polsce:<\/em> szeroko rozprzestrzeniony w Polsce; obecnie najwi\u0119ksza koncentracja stanowisk wyst\u0119puje w po\u0142udniowych i po\u0142udniowo-zachodnich rejonach kraju.<\/p>\n<p><em>Spos\u00f3b rozprzestrzeniania<\/em><em>:<\/em> przez lekkie nasiona rozsiewane przez wiatr oraz silny rozrost k\u0142\u0105czy, kt\u00f3re mog\u0105 by\u0107 roznoszone wskutek niezamierzonych dzia\u0142a\u0144 ludzi.<\/p>\n<p><em>Kolonizowane siedliska<\/em>: zar\u00f3wno na siedliskach p\u00f3\u0142naturalnych i naturalnych: w lasach, zaro\u015blach, w dolinach i na brzegach rzek oraz zbiornik\u00f3w wodnych, na \u0142\u0105kach suchych i wilgotnych, jak r\u00f3wnie\u017c na siedliskach antropogenicznych: na nasypach, groblach pomi\u0119dzy stawami, w sadach, na przydro\u017cach i terenach kolejowych; odnotowano tak\u017ce stanowiska na przydro\u017cach dr\u00f3g 10,5<\/p>\n<p>mo\u017ce by\u0107 tak\u017ce chwastem upraw (np. wierzby energetycznej).<\/p>\n<p><em>Cel wprowadzenia<\/em><em>: <\/em>pocz\u0105tkowo jako ro\u015blina ozdobna, p\u00f3\u017aniej tak\u017ce jako miododajna.<\/p>\n<p><em>Czynniki sprzyjaj\u0105ce inwazji: <\/em>olbrzymia liczba nasion, szybki wzrost klonalny za pomoc\u0105 k\u0142\u0105czy.<\/p>\n<p><em>Negatywne oddzia\u0142ywanie<\/em>: z \u0142atwo\u015bci\u0105 kolonizuje nowe tereny zmieniaj\u0105c charakter dotychczasowych zbiorowisk ro\u015blinnych; szczeg\u00f3lne zagro\u017cenie stwarza dla rzadkich i cennych gatunk\u00f3w siedlisk m.in. \u0142\u0105kowych; tworzy zwarte i g\u0119ste jednogatunkowe p\u0142aty utrudniaj\u0105c wzrost oraz regeneracj\u0119 innych ro\u015blin i w efekcie prowadzi do zmniejszenia bogactwa rodzimych gatunk\u00f3w ro\u015blin; podobnie jak naw\u0142o\u0107 kanadyjska, mo\u017ce utrudnia\u0107 kie\u0142kowanie siewek wielu gatunk\u00f3w rodzimych, poprzez uwalnianie zwi\u0105zk\u00f3w allelopatycznych, kt\u00f3re hamuj\u0105 rozw\u00f3j innych ro\u015blin; konkurencyjne oddzia\u0142ywanie gatunku dotyczy tak\u017ce owad\u00f3w nale\u017c\u0105cych do grupy zapylaczy w siedliskach \u0142\u0105kowych.<\/p>\n<p>Wi\u0119cej informacji:<\/p>\n<p><a href=\"http:\/\/projekty.gdos.gov.pl\/files\/artykuly\/127095\/Solidago-gigantea_nawloc-pozna_KG_WWW_icon.pdf\">http:\/\/projekty.gdos.gov.pl\/files\/artykuly\/127095\/Solidago-gigantea_nawloc-pozna_KG_WWW_icon.pdf<\/a><\/p>\n","protected":false},"excerpt":{"rendered":"<p>Barszcz Mantegazziego (Heracleum mantegazzianum Sommier &amp; Levier) Pochodzenie: Kaukaz (obszar Gruzji i Rosji) i tereny przyleg\u0142e. Wyst\u0119powanie w Polsce: na bardzo wielu stanowiskach, kt\u00f3re w wi\u0119kszo\u015bci maj\u0105 charakter spontaniczny. Spos\u00f3b rozprzestrzeniania: przez nasiona przenoszone z nurtem wody, z wiatrem, wskutek niezamierzonych dzia\u0142a\u0144 ludzi lub przez zwierz\u0119ta. Kolonizowane siedliska: brzegi rzek [&hellip;]<\/p>\n","protected":false},"author":1,"featured_media":0,"parent":0,"menu_order":0,"comment_status":"closed","ping_status":"closed","template":"","meta":{"footnotes":""},"class_list":["post-284","page","type-page","status-publish","hentry"],"_links":{"self":[{"href":"https:\/\/iascareproject.us.edu.pl\/index.php\/wp-json\/wp\/v2\/pages\/284","targetHints":{"allow":["GET"]}}],"collection":[{"href":"https:\/\/iascareproject.us.edu.pl\/index.php\/wp-json\/wp\/v2\/pages"}],"about":[{"href":"https:\/\/iascareproject.us.edu.pl\/index.php\/wp-json\/wp\/v2\/types\/page"}],"author":[{"embeddable":true,"href":"https:\/\/iascareproject.us.edu.pl\/index.php\/wp-json\/wp\/v2\/users\/1"}],"replies":[{"embeddable":true,"href":"https:\/\/iascareproject.us.edu.pl\/index.php\/wp-json\/wp\/v2\/comments?post=284"}],"version-history":[{"count":5,"href":"https:\/\/iascareproject.us.edu.pl\/index.php\/wp-json\/wp\/v2\/pages\/284\/revisions"}],"predecessor-version":[{"id":354,"href":"https:\/\/iascareproject.us.edu.pl\/index.php\/wp-json\/wp\/v2\/pages\/284\/revisions\/354"}],"wp:attachment":[{"href":"https:\/\/iascareproject.us.edu.pl\/index.php\/wp-json\/wp\/v2\/media?parent=284"}],"curies":[{"name":"wp","href":"https:\/\/api.w.org\/{rel}","templated":true}]}}