{"id":292,"date":"2022-03-15T18:28:53","date_gmt":"2022-03-15T18:28:53","guid":{"rendered":"https:\/\/iascareproject.us.edu.pl\/?page_id=292"},"modified":"2024-04-25T18:00:58","modified_gmt":"2024-04-25T18:00:58","slug":"konferencja","status":"publish","type":"page","link":"https:\/\/iascareproject.us.edu.pl\/index.php\/pl\/konferencja\/","title":{"rendered":"KONFERENCJA"},"content":{"rendered":"\n<p>9 kwietnia w Krempnej odby\u0142a si\u0119 konferencja zamykaj\u0105ca projekt IASEcosystemCare. Uczestnicy mieli okazj\u0119 zapozna\u0107 si\u0119 z przeprowadzonymi w ramach projektu dzia\u0142aniami oraz wymieni\u0107 si\u0119 do\u015bwiadczeniami. Gor\u0105ce podzi\u0119kowania dla przedstawicieli Magurskiego Parku Narodowego za profesjonaln\u0105 organizacj\u0119 spotkania. Serdecznie dzi\u0119kujemy wszystkim Uczestnikom za udzia\u0142 w konferencji.<\/p>\n\n\n\n<p>Dzi\u0119kujemy wszystkim Uczestnikom za obecno\u015b\u0107 na konferencji zamykaj\u0105cej projekt pt. \u201e<em>Zintegrowane podej\u015bcie do ochrony ekosystem\u00f3w przed inwazyjnymi ro\u015blinami obcymi w po\u0142udniowej Polsce<\/em> \u2013 <strong>IAS\/EcoSystemCARE<\/strong>\u201d, realizowany w ramach Programu Operacyjnego \u201e\u015arodowisko, Energia i Zmiany Klimatu\u201d i finansowany ze \u015brodk\u00f3w Mechanizmu Finansowego EOG 2014-2021 na \u201eZwi\u0119kszenie ochrony ekosystem\u00f3w przed inwazyjnymi gatunkami obcymi\u201d.<\/p>\n\n\n\n<p>Zdj\u0119cia z konferencji: <\/p>\n\n\n\n<p><\/p>\n\n\n\n<figure class=\"wp-block-gallery has-nested-images columns-4 wp-block-gallery-1 is-layout-flex wp-block-gallery-is-layout-flex\">\n<figure class=\"wp-block-image size-thumbnail\"><a href=\"https:\/\/iascareproject.us.edu.pl\/wp-content\/uploads\/2024\/04\/IMG_20240409_115844257_HDR.jpg\"><img loading=\"lazy\" decoding=\"async\" width=\"150\" height=\"150\" data-id=\"550\" src=\"https:\/\/iascareproject.us.edu.pl\/wp-content\/uploads\/2024\/04\/IMG_20240409_115844257_HDR-150x150.jpg\" alt=\"\" class=\"wp-image-550\"\/><\/a><\/figure>\n\n\n\n<figure class=\"wp-block-image size-thumbnail\"><a href=\"https:\/\/iascareproject.us.edu.pl\/wp-content\/uploads\/2024\/04\/IMG_20240409_115841654.jpg\"><img loading=\"lazy\" decoding=\"async\" width=\"150\" height=\"150\" data-id=\"558\" src=\"https:\/\/iascareproject.us.edu.pl\/wp-content\/uploads\/2024\/04\/IMG_20240409_115841654-150x150.jpg\" alt=\"\" class=\"wp-image-558\"\/><\/a><\/figure>\n\n\n\n<figure class=\"wp-block-image size-thumbnail\"><a href=\"https:\/\/iascareproject.us.edu.pl\/wp-content\/uploads\/2024\/04\/IMG_20240409_101232950_HDR.jpg\"><img loading=\"lazy\" decoding=\"async\" width=\"150\" height=\"150\" data-id=\"555\" src=\"https:\/\/iascareproject.us.edu.pl\/wp-content\/uploads\/2024\/04\/IMG_20240409_101232950_HDR-150x150.jpg\" alt=\"\" class=\"wp-image-555\"\/><\/a><\/figure>\n\n\n\n<figure class=\"wp-block-image size-thumbnail\"><a href=\"https:\/\/iascareproject.us.edu.pl\/wp-content\/uploads\/2024\/04\/IMG_20240409_101223791.jpg\"><img loading=\"lazy\" decoding=\"async\" width=\"150\" height=\"150\" data-id=\"562\" src=\"https:\/\/iascareproject.us.edu.pl\/wp-content\/uploads\/2024\/04\/IMG_20240409_101223791-150x150.jpg\" alt=\"\" class=\"wp-image-562\"\/><\/a><\/figure>\n\n\n\n<figure class=\"wp-block-image size-thumbnail\"><a href=\"https:\/\/iascareproject.us.edu.pl\/wp-content\/uploads\/2024\/04\/IMG_20240409_094611255_HDR.jpg\"><img loading=\"lazy\" decoding=\"async\" width=\"150\" height=\"150\" data-id=\"551\" src=\"https:\/\/iascareproject.us.edu.pl\/wp-content\/uploads\/2024\/04\/IMG_20240409_094611255_HDR-150x150.jpg\" alt=\"\" class=\"wp-image-551\"\/><\/a><\/figure>\n\n\n\n<figure class=\"wp-block-image size-thumbnail\"><a href=\"https:\/\/iascareproject.us.edu.pl\/wp-content\/uploads\/2024\/04\/DSC_0975.jpg\"><img loading=\"lazy\" decoding=\"async\" width=\"150\" height=\"150\" data-id=\"570\" src=\"https:\/\/iascareproject.us.edu.pl\/wp-content\/uploads\/2024\/04\/DSC_0975-150x150.jpg\" alt=\"\" class=\"wp-image-570\"\/><\/a><\/figure>\n\n\n\n<figure class=\"wp-block-image size-thumbnail\"><a href=\"https:\/\/iascareproject.us.edu.pl\/wp-content\/uploads\/2024\/04\/DSC_0958.jpg\"><img loading=\"lazy\" decoding=\"async\" width=\"150\" height=\"150\" data-id=\"574\" src=\"https:\/\/iascareproject.us.edu.pl\/wp-content\/uploads\/2024\/04\/DSC_0958-150x150.jpg\" alt=\"\" class=\"wp-image-574\"\/><\/a><\/figure>\n\n\n\n<figure class=\"wp-block-image size-thumbnail\"><a href=\"https:\/\/iascareproject.us.edu.pl\/wp-content\/uploads\/2024\/04\/DSC_0943.jpg\"><img loading=\"lazy\" decoding=\"async\" width=\"150\" height=\"150\" data-id=\"573\" src=\"https:\/\/iascareproject.us.edu.pl\/wp-content\/uploads\/2024\/04\/DSC_0943-150x150.jpg\" alt=\"\" class=\"wp-image-573\"\/><\/a><\/figure>\n\n\n\n<figure class=\"wp-block-image size-thumbnail\"><a href=\"https:\/\/iascareproject.us.edu.pl\/wp-content\/uploads\/2024\/04\/DSC_0910.jpg\"><img loading=\"lazy\" decoding=\"async\" width=\"150\" height=\"150\" data-id=\"554\" src=\"https:\/\/iascareproject.us.edu.pl\/wp-content\/uploads\/2024\/04\/DSC_0910-150x150.jpg\" alt=\"\" class=\"wp-image-554\"\/><\/a><\/figure>\n\n\n\n<figure class=\"wp-block-image size-thumbnail\"><a href=\"https:\/\/iascareproject.us.edu.pl\/wp-content\/uploads\/2024\/04\/DSC_0880.jpg\"><img loading=\"lazy\" decoding=\"async\" width=\"150\" height=\"150\" data-id=\"575\" src=\"https:\/\/iascareproject.us.edu.pl\/wp-content\/uploads\/2024\/04\/DSC_0880-150x150.jpg\" alt=\"\" class=\"wp-image-575\"\/><\/a><\/figure>\n\n\n\n<figure class=\"wp-block-image size-thumbnail\"><a href=\"https:\/\/iascareproject.us.edu.pl\/wp-content\/uploads\/2024\/04\/DSC_0876.jpg\"><img loading=\"lazy\" decoding=\"async\" width=\"150\" height=\"150\" data-id=\"569\" src=\"https:\/\/iascareproject.us.edu.pl\/wp-content\/uploads\/2024\/04\/DSC_0876-150x150.jpg\" alt=\"\" class=\"wp-image-569\"\/><\/a><\/figure>\n\n\n\n<figure class=\"wp-block-image size-thumbnail\"><a href=\"https:\/\/iascareproject.us.edu.pl\/wp-content\/uploads\/2024\/04\/DSC_0860.jpg\"><img loading=\"lazy\" decoding=\"async\" width=\"150\" height=\"150\" data-id=\"572\" src=\"https:\/\/iascareproject.us.edu.pl\/wp-content\/uploads\/2024\/04\/DSC_0860-150x150.jpg\" alt=\"\" class=\"wp-image-572\"\/><\/a><\/figure>\n\n\n\n<figure class=\"wp-block-image size-thumbnail\"><a href=\"https:\/\/iascareproject.us.edu.pl\/wp-content\/uploads\/2024\/04\/DSC_0857.jpg\"><img loading=\"lazy\" decoding=\"async\" width=\"150\" height=\"150\" data-id=\"577\" src=\"https:\/\/iascareproject.us.edu.pl\/wp-content\/uploads\/2024\/04\/DSC_0857-150x150.jpg\" alt=\"\" class=\"wp-image-577\"\/><\/a><\/figure>\n\n\n\n<figure class=\"wp-block-image size-thumbnail\"><a href=\"https:\/\/iascareproject.us.edu.pl\/wp-content\/uploads\/2024\/04\/DSC_0851.jpg\"><img loading=\"lazy\" decoding=\"async\" width=\"150\" height=\"150\" data-id=\"565\" src=\"https:\/\/iascareproject.us.edu.pl\/wp-content\/uploads\/2024\/04\/DSC_0851-150x150.jpg\" alt=\"\" class=\"wp-image-565\"\/><\/a><\/figure>\n\n\n\n<figure class=\"wp-block-image size-thumbnail\"><a href=\"https:\/\/iascareproject.us.edu.pl\/wp-content\/uploads\/2024\/04\/DSC_0839.jpg\"><img loading=\"lazy\" decoding=\"async\" width=\"150\" height=\"150\" data-id=\"561\" src=\"https:\/\/iascareproject.us.edu.pl\/wp-content\/uploads\/2024\/04\/DSC_0839-150x150.jpg\" alt=\"\" class=\"wp-image-561\"\/><\/a><\/figure>\n\n\n\n<figure class=\"wp-block-image size-thumbnail\"><a href=\"https:\/\/iascareproject.us.edu.pl\/wp-content\/uploads\/2024\/04\/20240409_173907.jpg\"><img loading=\"lazy\" decoding=\"async\" width=\"150\" height=\"150\" data-id=\"563\" src=\"https:\/\/iascareproject.us.edu.pl\/wp-content\/uploads\/2024\/04\/20240409_173907-150x150.jpg\" alt=\"\" class=\"wp-image-563\"\/><\/a><\/figure>\n\n\n\n<figure class=\"wp-block-image size-thumbnail\"><a href=\"https:\/\/iascareproject.us.edu.pl\/wp-content\/uploads\/2024\/04\/20240409_124626.jpg\"><img loading=\"lazy\" decoding=\"async\" width=\"150\" height=\"150\" data-id=\"556\" src=\"https:\/\/iascareproject.us.edu.pl\/wp-content\/uploads\/2024\/04\/20240409_124626-150x150.jpg\" alt=\"\" class=\"wp-image-556\"\/><\/a><\/figure>\n\n\n\n<figure class=\"wp-block-image size-thumbnail\"><a href=\"https:\/\/iascareproject.us.edu.pl\/wp-content\/uploads\/2024\/04\/20240409_122320.jpg\"><img loading=\"lazy\" decoding=\"async\" width=\"150\" height=\"150\" data-id=\"552\" src=\"https:\/\/iascareproject.us.edu.pl\/wp-content\/uploads\/2024\/04\/20240409_122320-150x150.jpg\" alt=\"\" class=\"wp-image-552\"\/><\/a><\/figure>\n\n\n\n<figure class=\"wp-block-image size-thumbnail\"><a href=\"https:\/\/iascareproject.us.edu.pl\/wp-content\/uploads\/2024\/04\/20240409_113036.jpg\"><img loading=\"lazy\" decoding=\"async\" width=\"150\" height=\"150\" data-id=\"567\" src=\"https:\/\/iascareproject.us.edu.pl\/wp-content\/uploads\/2024\/04\/20240409_113036-150x150.jpg\" alt=\"\" class=\"wp-image-567\"\/><\/a><\/figure>\n\n\n\n<figure class=\"wp-block-image size-thumbnail\"><a href=\"https:\/\/iascareproject.us.edu.pl\/wp-content\/uploads\/2024\/04\/20240409_105914.jpg\"><img loading=\"lazy\" decoding=\"async\" width=\"150\" height=\"150\" data-id=\"568\" src=\"https:\/\/iascareproject.us.edu.pl\/wp-content\/uploads\/2024\/04\/20240409_105914-150x150.jpg\" alt=\"\" class=\"wp-image-568\"\/><\/a><\/figure>\n\n\n\n<figure class=\"wp-block-image size-thumbnail\"><a href=\"https:\/\/iascareproject.us.edu.pl\/wp-content\/uploads\/2024\/04\/20240409_095321.jpg\"><img loading=\"lazy\" decoding=\"async\" width=\"150\" height=\"150\" data-id=\"553\" src=\"https:\/\/iascareproject.us.edu.pl\/wp-content\/uploads\/2024\/04\/20240409_095321-150x150.jpg\" alt=\"\" class=\"wp-image-553\"\/><\/a><\/figure>\n\n\n\n<figure class=\"wp-block-image size-thumbnail\"><a href=\"https:\/\/iascareproject.us.edu.pl\/wp-content\/uploads\/2024\/04\/20240409_131651.jpg\"><img loading=\"lazy\" decoding=\"async\" width=\"150\" height=\"150\" data-id=\"559\" src=\"https:\/\/iascareproject.us.edu.pl\/wp-content\/uploads\/2024\/04\/20240409_131651-150x150.jpg\" alt=\"\" class=\"wp-image-559\"\/><\/a><\/figure>\n\n\n\n<figure class=\"wp-block-image size-thumbnail\"><a href=\"https:\/\/iascareproject.us.edu.pl\/wp-content\/uploads\/2024\/04\/20240409_123530.jpg\"><img loading=\"lazy\" decoding=\"async\" width=\"150\" height=\"150\" data-id=\"566\" src=\"https:\/\/iascareproject.us.edu.pl\/wp-content\/uploads\/2024\/04\/20240409_123530-150x150.jpg\" alt=\"\" class=\"wp-image-566\"\/><\/a><\/figure>\n\n\n\n<figure class=\"wp-block-image size-thumbnail\"><a href=\"https:\/\/iascareproject.us.edu.pl\/wp-content\/uploads\/2024\/04\/20240409_114443.jpg\"><img loading=\"lazy\" decoding=\"async\" width=\"150\" height=\"150\" data-id=\"560\" src=\"https:\/\/iascareproject.us.edu.pl\/wp-content\/uploads\/2024\/04\/20240409_114443-150x150.jpg\" alt=\"\" class=\"wp-image-560\"\/><\/a><\/figure>\n\n\n\n<figure class=\"wp-block-image size-thumbnail\"><a href=\"https:\/\/iascareproject.us.edu.pl\/wp-content\/uploads\/2024\/04\/20240409_105921.jpg\"><img loading=\"lazy\" decoding=\"async\" width=\"150\" height=\"150\" data-id=\"564\" src=\"https:\/\/iascareproject.us.edu.pl\/wp-content\/uploads\/2024\/04\/20240409_105921-150x150.jpg\" alt=\"\" class=\"wp-image-564\"\/><\/a><\/figure>\n\n\n\n<figure class=\"wp-block-image size-thumbnail\"><a href=\"https:\/\/iascareproject.us.edu.pl\/wp-content\/uploads\/2024\/04\/20240409_102826.jpg\"><img loading=\"lazy\" decoding=\"async\" width=\"150\" height=\"150\" data-id=\"557\" src=\"https:\/\/iascareproject.us.edu.pl\/wp-content\/uploads\/2024\/04\/20240409_102826-150x150.jpg\" alt=\"\" class=\"wp-image-557\"\/><\/a><\/figure>\n\n\n\n<figure class=\"wp-block-image size-thumbnail\"><a href=\"https:\/\/iascareproject.us.edu.pl\/wp-content\/uploads\/2024\/04\/20240409_093229.jpg\"><img loading=\"lazy\" decoding=\"async\" width=\"150\" height=\"150\" data-id=\"571\" src=\"https:\/\/iascareproject.us.edu.pl\/wp-content\/uploads\/2024\/04\/20240409_093229-150x150.jpg\" alt=\"\" class=\"wp-image-571\"\/><\/a><\/figure>\n\n\n\n<figure class=\"wp-block-image size-thumbnail\"><a href=\"https:\/\/iascareproject.us.edu.pl\/wp-content\/uploads\/2024\/04\/20240409_073415.jpg\"><img loading=\"lazy\" decoding=\"async\" width=\"150\" height=\"150\" data-id=\"576\" src=\"https:\/\/iascareproject.us.edu.pl\/wp-content\/uploads\/2024\/04\/20240409_073415-150x150.jpg\" alt=\"\" class=\"wp-image-576\"\/><\/a><\/figure>\n\n\n\n<figure class=\"wp-block-image size-thumbnail\"><a href=\"https:\/\/iascareproject.us.edu.pl\/wp-content\/uploads\/2024\/04\/20240409_073357.jpg\"><img loading=\"lazy\" decoding=\"async\" width=\"150\" height=\"150\" data-id=\"578\" src=\"https:\/\/iascareproject.us.edu.pl\/wp-content\/uploads\/2024\/04\/20240409_073357-150x150.jpg\" alt=\"\" class=\"wp-image-578\"\/><\/a><\/figure>\n<\/figure>\n\n\n<hr \/>\n<p><a href=\"https:\/\/iascareproject.us.edu.pl\/wp-content\/uploads\/2024\/03\/Program-konferencji-zamykajacej-IASEcoSystemCARE-fvv.pdf\"><strong>Program<\/strong><\/a><\/p>\n<hr \/>\n<p>Serdecznie zapraszamy na konferencj\u0119 zamykaj\u0105c\u0105 projekt<br \/>pt. \u201e<em>Zintegrowane podej\u015bcie do ochrony ekosystem\u00f3w przed inwazyjnymi ro\u015blinami obcymi w po\u0142udniowej Polsce<\/em> \u2013 <strong>IAS\/EcoSystemCARE<\/strong>\u201d, realizowany w ramach Programu Operacyjnego \u201e\u015arodowisko, Energia i Zmiany Klimatu\u201d i finansowany ze \u015brodk\u00f3w Mechanizmu Finansowego EOG 2014-2021 na \u201eZwi\u0119kszenie ochrony ekosystem\u00f3w przed inwazyjnymi gatunkami obcymi\u201d.<\/p>\n<\/p>\n<div class=\"wp-block-image\"><img loading=\"lazy\" decoding=\"async\" src=\"https:\/\/iascareproject.us.edu.pl\/wp-content\/uploads\/2024\/03\/Zintegrowane-podejscie-do-ochrony-ekosystemow-przed-inwazyjnymi-roslinami-obcymi-w-poludniowej-Polsce-\u2013-IASEcoSystemCARE-0001.jpg\" alt=\"\" width=\"1364\" height=\"767\" data-warning=\"Missing alt text\" class=\"wpa-warning wpa-image-missing-alt aligncenter size-full wp-image-539\" srcset=\"https:\/\/iascareproject.us.edu.pl\/wp-content\/uploads\/2024\/03\/Zintegrowane-podejscie-do-ochrony-ekosystemow-przed-inwazyjnymi-roslinami-obcymi-w-poludniowej-Polsce-\u2013-IASEcoSystemCARE-0001.jpg 1364w, https:\/\/iascareproject.us.edu.pl\/wp-content\/uploads\/2024\/03\/Zintegrowane-podejscie-do-ochrony-ekosystemow-przed-inwazyjnymi-roslinami-obcymi-w-poludniowej-Polsce-\u2013-IASEcoSystemCARE-0001-300x169.jpg 300w, https:\/\/iascareproject.us.edu.pl\/wp-content\/uploads\/2024\/03\/Zintegrowane-podejscie-do-ochrony-ekosystemow-przed-inwazyjnymi-roslinami-obcymi-w-poludniowej-Polsce-\u2013-IASEcoSystemCARE-0001-1024x576.jpg 1024w, https:\/\/iascareproject.us.edu.pl\/wp-content\/uploads\/2024\/03\/Zintegrowane-podejscie-do-ochrony-ekosystemow-przed-inwazyjnymi-roslinami-obcymi-w-poludniowej-Polsce-\u2013-IASEcoSystemCARE-0001-768x432.jpg 768w\" sizes=\"auto, (max-width: 1364px) 100vw, 1364px\" \/><\/div>\n<hr \/>\n<p><strong><a href=\"https:\/\/iascareproject.us.edu.pl\/index.php\/pl\/program\/\">Program<\/a> \u00a0\u00a0\u00a0\u00a0\u00a0\u00a0\u00a0\u00a0\u00a0\u00a0\u00a0\u00a0 <a href=\"https:\/\/iascareproject.us.edu.pl\/index.php\/rodo-pl\/\"><\/a><a href=\"https:\/\/iascareproject.us.edu.pl\/index.php\/pl\/rodo\/\">RODO<\/a><\/strong><\/p>\n<hr \/>\n<p>Serdecznie zapraszamy na konferencj\u0119 otwieraj\u0105c\u0105 projekt<br \/>pt. \u201e<em>Zintegrowane podej\u015bcie do ochrony ekosystem\u00f3w przed inwazyjnymi ro\u015blinami obcymi w po\u0142udniowej Polsce<\/em> \u2013 <strong>IAS\/EcoSystemCARE<\/strong>\u201d, realizowany w ramach Programu Operacyjnego \u201e\u015arodowisko, Energia i Zmiany Klimatu\u201d i finansowany ze \u015brodk\u00f3w Mechanizmu Finansowego EOG 2014-2021 na \u201eZwi\u0119kszenie ochrony ekosystem\u00f3w przed inwazyjnymi gatunkami obcymi\u201d.<\/p>\n<p>Podczas konferencji przedstawione zostan\u0105 m.in. g\u0142\u00f3wne za\u0142o\u017cenia i cele projektu oraz informacje na temat \u017ar\u00f3de\u0142 jego finansowania. Zakres dzia\u0142a\u0144 planowanych w ramach projektu, zaprezentuj\u0105 przedstawiciele Konsorcjum:<\/p>\n<p><em>Uniwersytet \u015al\u0105ski w Katowicach,<\/em><\/p>\n<p><em>Norwegian Institute of Bioeconomy Research<\/em><em> NIBIO,<\/em><\/p>\n<p><em>Uniwersytet Rolniczy im. H. Ko\u0142\u0142\u0105taja w Krakowie,<\/em><\/p>\n<p><em>Instytut Technologiczno-Przyrodniczy Pa\u0144stwowy Instytut Badawczy,<\/em><\/p>\n<p><em>Magurski Park Narodowy,<\/em><\/p>\n<p><em>Instytut Zootechniki &#8211; Pa\u0144stwowy Instytut Badawczy,<\/em><\/p>\n<p><em>Instytut Ochrony Przyrody Polskiej Akademii Nauk w Krakowie.<\/em><\/p>\n<\/p>\n<p>Organizatorem konferencji jest Lider Projektu &#8211; Uniwersytet \u015al\u0105ski.<\/p>\n<p>Spotkanie odb\u0119dzie si\u0119 16 marca 2022 r. w godzinach 9.15-15.00 na Platformie Microsoft TEAMS.<\/p>\n<p>W imieniu organizator\u00f3w<\/p>\n<p><em>Katarzyna Bzd\u0119ga<\/em><\/p>\n<p>koordynator projektu<\/p>","protected":false},"excerpt":{"rendered":"<p>9 kwietnia w Krempnej odby\u0142a si\u0119 konferencja zamykaj\u0105ca projekt IASEcosystemCare. Uczestnicy mieli okazj\u0119 zapozna\u0107 si\u0119 z przeprowadzonymi w ramach projektu dzia\u0142aniami oraz wymieni\u0107 si\u0119 do\u015bwiadczeniami. Gor\u0105ce podzi\u0119kowania dla przedstawicieli Magurskiego Parku Narodowego za profesjonaln\u0105 organizacj\u0119 spotkania. Serdecznie dzi\u0119kujemy wszystkim Uczestnikom za udzia\u0142 w konferencji. Dzi\u0119kujemy wszystkim Uczestnikom za obecno\u015b\u0107 na [&hellip;]<\/p>\n","protected":false},"author":1,"featured_media":0,"parent":0,"menu_order":0,"comment_status":"closed","ping_status":"closed","template":"","meta":{"footnotes":""},"class_list":["post-292","page","type-page","status-publish","hentry"],"_links":{"self":[{"href":"https:\/\/iascareproject.us.edu.pl\/index.php\/wp-json\/wp\/v2\/pages\/292","targetHints":{"allow":["GET"]}}],"collection":[{"href":"https:\/\/iascareproject.us.edu.pl\/index.php\/wp-json\/wp\/v2\/pages"}],"about":[{"href":"https:\/\/iascareproject.us.edu.pl\/index.php\/wp-json\/wp\/v2\/types\/page"}],"author":[{"embeddable":true,"href":"https:\/\/iascareproject.us.edu.pl\/index.php\/wp-json\/wp\/v2\/users\/1"}],"replies":[{"embeddable":true,"href":"https:\/\/iascareproject.us.edu.pl\/index.php\/wp-json\/wp\/v2\/comments?post=292"}],"version-history":[{"count":21,"href":"https:\/\/iascareproject.us.edu.pl\/index.php\/wp-json\/wp\/v2\/pages\/292\/revisions"}],"predecessor-version":[{"id":593,"href":"https:\/\/iascareproject.us.edu.pl\/index.php\/wp-json\/wp\/v2\/pages\/292\/revisions\/593"}],"wp:attachment":[{"href":"https:\/\/iascareproject.us.edu.pl\/index.php\/wp-json\/wp\/v2\/media?parent=292"}],"curies":[{"name":"wp","href":"https:\/\/api.w.org\/{rel}","templated":true}]}}