{"id":294,"date":"2022-03-15T18:29:14","date_gmt":"2022-03-15T18:29:14","guid":{"rendered":"https:\/\/iascareproject.us.edu.pl\/?page_id=294"},"modified":"2026-04-13T18:58:41","modified_gmt":"2026-04-13T18:58:41","slug":"popularyzacja","status":"publish","type":"page","link":"https:\/\/iascareproject.us.edu.pl\/index.php\/pl\/popularyzacja\/","title":{"rendered":"POPULARYZACJA"},"content":{"rendered":"<p><strong>Ulotki<\/strong><\/p>\n<p><strong><a class=\"i-link fm-file-name-link\" data-file=\"1_broszura_ulotka_+IASEcoSystemCARE.pdf\" href=\"https:\/\/iascareproject.us.edu.pl\/pliki\/1_broszura_ulotka_IASEcoSystemCARE.pdf\">1 broszura ulotka IASEcoSystemCARE<\/a><\/strong><\/p>\n<p><strong><a class=\"i-link fm-file-name-link\" data-file=\"1_broszura_ulotka_+IASEcoSystemCARE.pdf\" href=\"https:\/\/iascareproject.us.edu.pl\/pliki\/2_broszura_ulotka_IASEcoSystemCARE.pdf\">2 broszura ulotka IASEcoSystemCARE<\/a><\/strong><\/p>\n<p><strong><a class=\"i-link fm-file-name-link\" data-file=\"1_broszura_ulotka_+IASEcoSystemCARE.pdf\" href=\"https:\/\/iascareproject.us.edu.pl\/pliki\/3_broszura_ulotka_IASEcoSystemCARE.pdf\">3 broszura ulotka IASEcoSystemCARE<\/a><\/strong><\/p>\n<p><strong><a class=\"i-link fm-file-name-link\" data-file=\"1_broszura_ulotka_+IASEcoSystemCARE.pdf\" href=\"https:\/\/iascareproject.us.edu.pl\/pliki\/4_broszura_ulotka_IASEcoSystemCARE.pdf\">4 broszura ulotka IASEcoSystemCARE<\/a><\/strong><\/p>\n<p><strong><a class=\"i-link fm-file-name-link\" data-file=\"1_broszura_ulotka_+IASEcoSystemCARE.pdf\" href=\"https:\/\/iascareproject.us.edu.pl\/pliki\/5_broszura_ulotka_IASEcoSystemCARE.pdf\">5 broszura ulotka IASEcoSystemCARE<\/a><\/strong><\/p>\n<p><strong>Ksi\u0105\u017cka: Ochrona ekosystem\u00f3w przed inwazyjnymi gatunkami ro\u015blin obcego pochodzenia w po\u0142udniowej Polsce \u2013 dobre praktyki i nowe wyzwania<\/strong><\/p>\n<p><strong><a href=\"http:\/\/iascareproject.us.edu.pl\/pliki\/Ochrona_ekosystemow_przed_inwazyjnymi_gatunkami_roslin.pdf\">Ksi\u0105\u017cka\u00a0<\/a><\/strong><\/p>\n<p><a href=\"http:\/\/Errata_spisu_tresci_Ochrona_ekosytemow.pdf\"><strong>Errata do spisu tre\u015bci<\/strong><\/a><\/p>\n","protected":false},"excerpt":{"rendered":"<p>Ulotki 1 broszura ulotka IASEcoSystemCARE 2 broszura ulotka IASEcoSystemCARE 3 broszura ulotka IASEcoSystemCARE 4 broszura ulotka IASEcoSystemCARE 5 broszura ulotka IASEcoSystemCARE Ksi\u0105\u017cka: Ochrona ekosystem\u00f3w przed inwazyjnymi gatunkami ro\u015blin obcego pochodzenia w po\u0142udniowej Polsce \u2013 dobre praktyki i nowe wyzwania Ksi\u0105\u017cka\u00a0 Errata do spisu tre\u015bci<\/p>\n","protected":false},"author":1,"featured_media":0,"parent":0,"menu_order":0,"comment_status":"closed","ping_status":"closed","template":"","meta":{"footnotes":""},"class_list":["post-294","page","type-page","status-publish","hentry"],"_links":{"self":[{"href":"https:\/\/iascareproject.us.edu.pl\/index.php\/wp-json\/wp\/v2\/pages\/294","targetHints":{"allow":["GET"]}}],"collection":[{"href":"https:\/\/iascareproject.us.edu.pl\/index.php\/wp-json\/wp\/v2\/pages"}],"about":[{"href":"https:\/\/iascareproject.us.edu.pl\/index.php\/wp-json\/wp\/v2\/types\/page"}],"author":[{"embeddable":true,"href":"https:\/\/iascareproject.us.edu.pl\/index.php\/wp-json\/wp\/v2\/users\/1"}],"replies":[{"embeddable":true,"href":"https:\/\/iascareproject.us.edu.pl\/index.php\/wp-json\/wp\/v2\/comments?post=294"}],"version-history":[{"count":4,"href":"https:\/\/iascareproject.us.edu.pl\/index.php\/wp-json\/wp\/v2\/pages\/294\/revisions"}],"predecessor-version":[{"id":650,"href":"https:\/\/iascareproject.us.edu.pl\/index.php\/wp-json\/wp\/v2\/pages\/294\/revisions\/650"}],"wp:attachment":[{"href":"https:\/\/iascareproject.us.edu.pl\/index.php\/wp-json\/wp\/v2\/media?parent=294"}],"curies":[{"name":"wp","href":"https:\/\/api.w.org\/{rel}","templated":true}]}}