{"id":334,"date":"2022-04-04T10:32:41","date_gmt":"2022-04-04T10:32:41","guid":{"rendered":"https:\/\/iascareproject.us.edu.pl\/?page_id=334"},"modified":"2023-11-02T08:56:29","modified_gmt":"2023-11-02T08:56:29","slug":"konkurs","status":"publish","type":"page","link":"https:\/\/iascareproject.us.edu.pl\/index.php\/pl\/konkurs\/","title":{"rendered":"KONKURS"},"content":{"rendered":"<div>\n<hr \/>\n<\/div>\n<div style=\"text-align: center;\"><strong>2023<\/strong><\/div>\n<hr \/>\n<div><\/div>\n<div>\n<div class=\"wp-block-image\"><img loading=\"lazy\" decoding=\"async\" src=\"https:\/\/iascareproject.us.edu.pl\/wp-content\/uploads\/2023\/11\/Kopia-ogloszenie_konkurs3-724x1024.jpg\" alt=\"\" width=\"724\" height=\"1024\" class=\"aligncenter size-large wp-image-483\" srcset=\"https:\/\/iascareproject.us.edu.pl\/wp-content\/uploads\/2023\/11\/Kopia-ogloszenie_konkurs3-724x1024.jpg 724w, https:\/\/iascareproject.us.edu.pl\/wp-content\/uploads\/2023\/11\/Kopia-ogloszenie_konkurs3-212x300.jpg 212w, https:\/\/iascareproject.us.edu.pl\/wp-content\/uploads\/2023\/11\/Kopia-ogloszenie_konkurs3-768x1086.jpg 768w, https:\/\/iascareproject.us.edu.pl\/wp-content\/uploads\/2023\/11\/Kopia-ogloszenie_konkurs3-1086x1536.jpg 1086w, https:\/\/iascareproject.us.edu.pl\/wp-content\/uploads\/2023\/11\/Kopia-ogloszenie_konkurs3.jpg 1414w\" sizes=\"auto, (max-width: 724px) 100vw, 724px\" \/><\/div>\n<\/div>\n<div><\/div>\n<div>\n<hr \/>\n<\/div>\n<div><\/div>\n<div>\n<div class=\"wp-block-image\"><img loading=\"lazy\" decoding=\"async\" src=\"https:\/\/iascareproject.us.edu.pl\/wp-content\/uploads\/2023\/09\/Kopia-ogloszenie_konkurs3-724x1024.jpg\" alt=\"\" width=\"724\" height=\"1024\" class=\"aligncenter size-large wp-image-473\" srcset=\"https:\/\/iascareproject.us.edu.pl\/wp-content\/uploads\/2023\/09\/Kopia-ogloszenie_konkurs3-724x1024.jpg 724w, https:\/\/iascareproject.us.edu.pl\/wp-content\/uploads\/2023\/09\/Kopia-ogloszenie_konkurs3-212x300.jpg 212w, https:\/\/iascareproject.us.edu.pl\/wp-content\/uploads\/2023\/09\/Kopia-ogloszenie_konkurs3-768x1086.jpg 768w, https:\/\/iascareproject.us.edu.pl\/wp-content\/uploads\/2023\/09\/Kopia-ogloszenie_konkurs3-1086x1536.jpg 1086w, https:\/\/iascareproject.us.edu.pl\/wp-content\/uploads\/2023\/09\/Kopia-ogloszenie_konkurs3.jpg 1414w\" sizes=\"auto, (max-width: 724px) 100vw, 724px\" \/><\/div>\n<p>Do pobrania:<\/p>\n<p><a href=\"https:\/\/iascareproject.us.edu.pl\/wp-content\/uploads\/2023\/09\/regulamin-Inwazja-roslin.pdf\">Regulamin konkursu<\/a><\/p>\n<p><a href=\"https:\/\/iascareproject.us.edu.pl\/wp-content\/uploads\/2023\/09\/zal-nr-1-do-Regulaminu_Inwazjaroslin.pdf\">za\u0142. nr 1 do Regulaminu <\/a><\/p>\n<p><a href=\"https:\/\/iascareproject.us.edu.pl\/wp-content\/uploads\/2023\/09\/zal-nr-2-do-Regulaminu_Inwazjaroslin.pdf\">za\u0142. nr 2 do Regulaminu<\/a><\/p>\n<hr \/>\n<p><strong>WYNIKI KONKURSU PLASTYCZNEGO NA <\/strong><strong>ULOTK\u0118 EDUKACYJN\u0104 NA TEMAT RO\u015aLIN INWAZYJNYCH \u201eINWAZJA ZIELONYCH\u201d<\/strong><\/p>\n<p>Z uwagi na wysoki poziom prac uczestnik\u00f3w konkursu, jury postanowi\u0142o przyzna\u0107 r\u00f3wnorz\u0119dne <strong>g\u0142\u00f3wne nagrody<\/strong> Laureatom:<\/p>\n<p><strong>Aleksandrze Kurzydlak<\/strong>, uczennicy <span>Szko\u0142y Podstawowej nr 8 im. A. Mickiewicza w D\u0105browie G\u00f3rniczej<\/span><\/p>\n<p><strong>Izabeli Janasik<\/strong>, uczennicy\u00a0 Szko\u0142y Podstawowej im. \u015bw. Jana Kantego w Trzcinicy<\/p>\n<p><strong>Hannie Rykale<\/strong>, uczennicy Szko\u0142y Podstawowej nr 13 im. K. Makuszy\u0144skiego w Cz\u0119stochowie<\/p>\n<p><strong>Blance W\u0142odarczyk<\/strong>, uczennicy Szko\u0142y Podstawowej nr 13 im. K. Makuszy\u0144skiego w Cz\u0119stochowie<\/p>\n<p><strong>Mai Kupczyk<\/strong>, uczennicy Szko\u0142y Podstawowej nr 13 im. K. Makuszy\u0144skiego w Cz\u0119stochowie<\/p>\n<p><strong>Karolinie Miljon<\/strong>, uczennicy Szko\u0142y Podstawowej nr 3 im. S. Ligonia w Orzeszu-Zawadzie<\/p>\n<p><strong>Ireneuszowi Styzi\u0144skiemu<\/strong>, uczniowi Szko\u0142y Podstawowej nr 2 im. Kardyna\u0142a Stefana Wyszy\u0144skiego\u00a0 w\u00a0 Imielinie<\/p>\n<p>Jury postanowi\u0142o r\u00f3wnie\u017c <strong>wyr\u00f3\u017cni\u0107 <\/strong>nast\u0119puj\u0105cych autor\u00f3w prac:<\/p>\n<p><strong>Szymona Wardza\u0142\u0119<\/strong>, ucznia\u00a0 Szko\u0142y Podstawowej nr 1 im. Armii Krajowej w Szynwa\u0142dzie,<\/p>\n<p><strong>Alicj\u0119 Kowalczyk<\/strong>, uczennic\u0119 Szko\u0142y Podstawowej nr 4 w Rabce-Zdroju,<\/p>\n<p><strong>Filipa Kr\u00f3la<\/strong>, ucznia Zespo\u0142u Szk\u00f3\u0142 w Budach G\u0142ogowskich,<\/p>\n<p><strong>Franciszka Nycza<\/strong>, ucznia Szko\u0142y Podstawowej nr 1 w Koniakowie,<\/p>\n<p><strong>Natali\u0119 Elsner<\/strong>, uczennic\u0119 w Zespole Szkolno-Przedszkolnym nr 1, Szko\u0142y Podstawowej nr 25 w Chorzowie,<\/p>\n<p><strong>Ma\u0142gorzat\u0119 Staszel<\/strong>, uczennic\u0119 Szko\u0142y Podstawowej im. Kurier\u00f3w Tatrza\u0144skich w Dzianiszu,<\/p>\n<p><strong>Kacpra Urz\u0119dowskiego<\/strong>, ucznia Szko\u0142y Podstawowej w Czekanowie<\/p>\n<p><strong>Adama Opa\u0142\u0119<\/strong>, ucznia Szko\u0142y Podstawowej w Czekanowie<\/p>\n<p>Wszystkim uczestnikom oraz ich opiekunom dzi\u0119kujemy za zaanga\u017cowanie i\u00a0 wk\u0142ad pracy.<\/p>\n<p>Serdecznie gratulujemy Laureatom i Wyr\u00f3\u017cnionym. Nagrody oraz dyplomy prze\u015blemy niebawem do Waszych szk\u00f3\u0142.<\/p>\n<\/div>\n<div>\n<hr \/>\n<\/div>\n<div><\/div>\n<div class=\"wp-block-image\"><img loading=\"lazy\" decoding=\"async\" src=\"https:\/\/iascareproject.us.edu.pl\/wp-content\/uploads\/2023\/02\/ogloszenie_konkurs2-724x1024.jpg\" alt=\"\" class=\"aligncenter size-large wp-image-417\" width=\"724\" height=\"1024\" srcset=\"https:\/\/iascareproject.us.edu.pl\/wp-content\/uploads\/2023\/02\/ogloszenie_konkurs2-724x1024.jpg 724w, https:\/\/iascareproject.us.edu.pl\/wp-content\/uploads\/2023\/02\/ogloszenie_konkurs2-212x300.jpg 212w, https:\/\/iascareproject.us.edu.pl\/wp-content\/uploads\/2023\/02\/ogloszenie_konkurs2-768x1086.jpg 768w, https:\/\/iascareproject.us.edu.pl\/wp-content\/uploads\/2023\/02\/ogloszenie_konkurs2-1086x1536.jpg 1086w, https:\/\/iascareproject.us.edu.pl\/wp-content\/uploads\/2023\/02\/ogloszenie_konkurs2.jpg 1414w\" sizes=\"auto, (max-width: 724px) 100vw, 724px\" \/><\/div>\n<div>\n<p>Do pobrania:<\/p>\n<p><a href=\"https:\/\/iascareproject.us.edu.pl\/wp-content\/uploads\/2023\/02\/Regulamin-konkursu.pdf\">Regulamin konkursu<\/a> <a href=\"https:\/\/iascareproject.us.edu.pl\/wp-content\/uploads\/2022\/04\/zal.-nr-1-do-Regulaminu_zgody.pdf\"><\/a><\/p>\n<p><a href=\"https:\/\/iascareproject.us.edu.pl\/wp-content\/uploads\/2023\/02\/zal-nr-1-do-Regulaminu.pdf\">za\u0142. nr 1 do Regulaminu <\/a><a href=\"https:\/\/iascareproject.us.edu.pl\/wp-content\/uploads\/2022\/04\/zal.-nr-2-do-Regulaminu.pdf\"><\/a><\/p>\n<p><a href=\"https:\/\/iascareproject.us.edu.pl\/wp-content\/uploads\/2023\/03\/zal-nr-2-do-Regulaminu-new.pdf\">za\u0142. nr 2 do Regulaminu<\/a><\/p>\n<\/div>\n<hr \/>\n<p style=\"text-align: center;\"><strong>2022<\/strong><\/p>\n<hr \/>\n<p><img loading=\"lazy\" decoding=\"async\" src=\"https:\/\/iascareproject.us.edu.pl\/wp-content\/uploads\/2022\/06\/Kopia-Purple-Simple-Event-Painting-Contest-Instagram-Story-1-scaled.jpg\" alt=\"\" class=\"alignnone size-full wp-image-360\" width=\"1440\" height=\"2560\" srcset=\"https:\/\/iascareproject.us.edu.pl\/wp-content\/uploads\/2022\/06\/Kopia-Purple-Simple-Event-Painting-Contest-Instagram-Story-1-scaled.jpg 1440w, https:\/\/iascareproject.us.edu.pl\/wp-content\/uploads\/2022\/06\/Kopia-Purple-Simple-Event-Painting-Contest-Instagram-Story-1-169x300.jpg 169w, https:\/\/iascareproject.us.edu.pl\/wp-content\/uploads\/2022\/06\/Kopia-Purple-Simple-Event-Painting-Contest-Instagram-Story-1-576x1024.jpg 576w, https:\/\/iascareproject.us.edu.pl\/wp-content\/uploads\/2022\/06\/Kopia-Purple-Simple-Event-Painting-Contest-Instagram-Story-1-768x1365.jpg 768w, https:\/\/iascareproject.us.edu.pl\/wp-content\/uploads\/2022\/06\/Kopia-Purple-Simple-Event-Painting-Contest-Instagram-Story-1-864x1536.jpg 864w, https:\/\/iascareproject.us.edu.pl\/wp-content\/uploads\/2022\/06\/Kopia-Purple-Simple-Event-Painting-Contest-Instagram-Story-1-1152x2048.jpg 1152w\" sizes=\"auto, (max-width: 1440px) 100vw, 1440px\" \/><\/p>\n<p><img loading=\"lazy\" decoding=\"async\" src=\"https:\/\/iascareproject.us.edu.pl\/wp-content\/uploads\/2022\/04\/ogloszenie_konkurs_strinter.jpg\" alt=\"\" class=\"alignnone size-full wp-image-335\" width=\"1414\" height=\"2000\" srcset=\"https:\/\/iascareproject.us.edu.pl\/wp-content\/uploads\/2022\/04\/ogloszenie_konkurs_strinter.jpg 1414w, https:\/\/iascareproject.us.edu.pl\/wp-content\/uploads\/2022\/04\/ogloszenie_konkurs_strinter-212x300.jpg 212w, https:\/\/iascareproject.us.edu.pl\/wp-content\/uploads\/2022\/04\/ogloszenie_konkurs_strinter-724x1024.jpg 724w, https:\/\/iascareproject.us.edu.pl\/wp-content\/uploads\/2022\/04\/ogloszenie_konkurs_strinter-768x1086.jpg 768w, https:\/\/iascareproject.us.edu.pl\/wp-content\/uploads\/2022\/04\/ogloszenie_konkurs_strinter-1086x1536.jpg 1086w\" sizes=\"auto, (max-width: 1414px) 100vw, 1414px\" \/><\/p>\n<p>Do pobrania:<\/p>\n<p><a href=\"https:\/\/iascareproject.us.edu.pl\/wp-content\/uploads\/2022\/04\/regulamin_znak-graficzny_oznaczenia-roslin-inwazyjnych.pdf\">Regulamin konkursu<\/a> <a href=\"https:\/\/iascareproject.us.edu.pl\/wp-content\/uploads\/2022\/04\/zal.-nr-1-do-Regulaminu_zgody.pdf\"><\/a><\/p>\n<p><a href=\"https:\/\/iascareproject.us.edu.pl\/wp-content\/uploads\/2022\/04\/zal.-nr-1-do-Regulaminu_zgody.pdf\">za\u0142. nr 1 do Regulaminu <\/a><a href=\"https:\/\/iascareproject.us.edu.pl\/wp-content\/uploads\/2022\/04\/zal.-nr-2-do-Regulaminu.pdf\"><\/a><\/p>\n<p><a href=\"https:\/\/iascareproject.us.edu.pl\/wp-content\/uploads\/2022\/04\/zal.-nr-2-do-Regulaminu.pdf\">za\u0142. nr 2 do Regulaminu<\/a><\/p>\n<p>&nbsp;<\/p>\n","protected":false},"excerpt":{"rendered":"<p>2023 Do pobrania: Regulamin konkursu za\u0142. nr 1 do Regulaminu za\u0142. nr 2 do Regulaminu WYNIKI KONKURSU PLASTYCZNEGO NA ULOTK\u0118 EDUKACYJN\u0104 NA TEMAT RO\u015aLIN INWAZYJNYCH \u201eINWAZJA ZIELONYCH\u201d Z uwagi na wysoki poziom prac uczestnik\u00f3w konkursu, jury postanowi\u0142o przyzna\u0107 r\u00f3wnorz\u0119dne g\u0142\u00f3wne nagrody Laureatom: Aleksandrze Kurzydlak, uczennicy Szko\u0142y Podstawowej nr 8 im. [&hellip;]<\/p>\n","protected":false},"author":1,"featured_media":0,"parent":0,"menu_order":0,"comment_status":"closed","ping_status":"closed","template":"","meta":{"footnotes":""},"class_list":["post-334","page","type-page","status-publish","hentry"],"_links":{"self":[{"href":"https:\/\/iascareproject.us.edu.pl\/index.php\/wp-json\/wp\/v2\/pages\/334","targetHints":{"allow":["GET"]}}],"collection":[{"href":"https:\/\/iascareproject.us.edu.pl\/index.php\/wp-json\/wp\/v2\/pages"}],"about":[{"href":"https:\/\/iascareproject.us.edu.pl\/index.php\/wp-json\/wp\/v2\/types\/page"}],"author":[{"embeddable":true,"href":"https:\/\/iascareproject.us.edu.pl\/index.php\/wp-json\/wp\/v2\/users\/1"}],"replies":[{"embeddable":true,"href":"https:\/\/iascareproject.us.edu.pl\/index.php\/wp-json\/wp\/v2\/comments?post=334"}],"version-history":[{"count":19,"href":"https:\/\/iascareproject.us.edu.pl\/index.php\/wp-json\/wp\/v2\/pages\/334\/revisions"}],"predecessor-version":[{"id":484,"href":"https:\/\/iascareproject.us.edu.pl\/index.php\/wp-json\/wp\/v2\/pages\/334\/revisions\/484"}],"wp:attachment":[{"href":"https:\/\/iascareproject.us.edu.pl\/index.php\/wp-json\/wp\/v2\/media?parent=334"}],"curies":[{"name":"wp","href":"https:\/\/api.w.org\/{rel}","templated":true}]}}