{"id":51,"date":"2022-03-04T11:54:20","date_gmt":"2022-03-04T11:54:20","guid":{"rendered":"https:\/\/iascareproject.us.edu.pl\/?page_id=51"},"modified":"2022-03-15T21:40:44","modified_gmt":"2022-03-15T21:40:44","slug":"the-consortium-partners","status":"publish","type":"page","link":"https:\/\/iascareproject.us.edu.pl\/index.php\/the-consortium-partners\/","title":{"rendered":"THE CONSORTIUM PARTNERS"},"content":{"rendered":"<hr \/>\n<p><img loading=\"lazy\" decoding=\"async\" src=\"https:\/\/iascareproject.us.edu.pl\/wp-content\/uploads\/2022\/03\/lgab.jpg\" alt=\"\" class=\"alignnone wp-image-216 size-full\" width=\"1414\" height=\"800\" srcset=\"https:\/\/iascareproject.us.edu.pl\/wp-content\/uploads\/2022\/03\/lgab.jpg 1414w, https:\/\/iascareproject.us.edu.pl\/wp-content\/uploads\/2022\/03\/lgab-300x170.jpg 300w, https:\/\/iascareproject.us.edu.pl\/wp-content\/uploads\/2022\/03\/lgab-1024x579.jpg 1024w, https:\/\/iascareproject.us.edu.pl\/wp-content\/uploads\/2022\/03\/lgab-768x435.jpg 768w\" sizes=\"auto, (max-width: 1414px) 100vw, 1414px\" \/><\/p>\n<hr \/>\n<p><strong>Leader:<\/strong><\/p>\n<p>University of Silesia in Katowice <a href=\"https:\/\/us.edu.pl\/\">https:\/\/us.edu.pl\/<\/a><\/p>\n<p><strong>Partners:<\/strong><\/p>\n<p>Norwegian Institute of Bioeconomy Research \u2013 NIBIO <a href=\"https:\/\/www.nibio.no\/\">https:\/\/www.nibio.no\/<\/a><\/p>\n<p>Institute of Nature Conservation, Polish Academy of Sciences <a href=\"https:\/\/www.iop.krakow.pl\/\">https:\/\/www.iop.krakow.pl\/<\/a><\/p>\n<p>Institute of Technology and Life Sciences \u2013 National Research Institute\u00a0<a href=\"https:\/\/www.itp.edu.pl\/\">https:\/\/www.itp.edu.pl\/<\/a><\/p>\n<p>Magura National Park <a href=\"http:\/\/www.magurskipn.pl\/\">http:\/\/www.magurskipn.pl\/<\/a><\/p>\n<p>National Research Institute of Animal Production in Krakow <a href=\"https:\/\/iz.edu.pl\/\">https:\/\/iz.edu.pl\/<\/a><\/p>\n<p>University of Agriculture in Krakow <a href=\"https:\/\/urk.edu.pl\/\">https:\/\/urk.edu.pl\/<\/a><\/p>\n<p><strong>Institutions and entities supporting the Project:<\/strong><\/p>\n<ul>\n<li>Ojc\u00f3w National Park<\/li>\n<li>Regional Directorate for Environmental Protection in Katowice<\/li>\n<li>Regional Directorate for Environmental Protection in Krak\u00f3w<\/li>\n<li>Katowice Forest Inspectorate<\/li>\n<li>Lubliniec Forest Inspectorate<\/li>\n<li>Rudziniec Forest Inspectorate<\/li>\n<li>Jaworzno Town Commune<\/li>\n<li>Katowice City Commune<\/li>\n<li>Kosz\u0119cin Commune<\/li>\n<li>Krempna Commune<\/li>\n<li>Skawina Commune<\/li>\n<li>\u015awi\u0105tniki G\u00f3rne Commune<\/li>\n<li>Urban Greenery Authority in Katowice<\/li>\n<li>Urban Greenery Authority in Krak\u00f3w<\/li>\n<\/ul>\n","protected":false},"excerpt":{"rendered":"<p>Leader: University of Silesia in Katowice https:\/\/us.edu.pl\/ Partners: Norwegian Institute of Bioeconomy Research \u2013 NIBIO https:\/\/www.nibio.no\/ Institute of Nature Conservation, Polish Academy of Sciences https:\/\/www.iop.krakow.pl\/ Institute of Technology and Life Sciences \u2013 National Research Institute\u00a0https:\/\/www.itp.edu.pl\/ Magura National Park http:\/\/www.magurskipn.pl\/ National Research Institute of Animal Production in Krakow https:\/\/iz.edu.pl\/ University of [&hellip;]<\/p>\n","protected":false},"author":1,"featured_media":0,"parent":0,"menu_order":0,"comment_status":"closed","ping_status":"closed","template":"","meta":{"footnotes":""},"class_list":["post-51","page","type-page","status-publish","hentry"],"_links":{"self":[{"href":"https:\/\/iascareproject.us.edu.pl\/index.php\/wp-json\/wp\/v2\/pages\/51","targetHints":{"allow":["GET"]}}],"collection":[{"href":"https:\/\/iascareproject.us.edu.pl\/index.php\/wp-json\/wp\/v2\/pages"}],"about":[{"href":"https:\/\/iascareproject.us.edu.pl\/index.php\/wp-json\/wp\/v2\/types\/page"}],"author":[{"embeddable":true,"href":"https:\/\/iascareproject.us.edu.pl\/index.php\/wp-json\/wp\/v2\/users\/1"}],"replies":[{"embeddable":true,"href":"https:\/\/iascareproject.us.edu.pl\/index.php\/wp-json\/wp\/v2\/comments?post=51"}],"version-history":[{"count":7,"href":"https:\/\/iascareproject.us.edu.pl\/index.php\/wp-json\/wp\/v2\/pages\/51\/revisions"}],"predecessor-version":[{"id":217,"href":"https:\/\/iascareproject.us.edu.pl\/index.php\/wp-json\/wp\/v2\/pages\/51\/revisions\/217"}],"wp:attachment":[{"href":"https:\/\/iascareproject.us.edu.pl\/index.php\/wp-json\/wp\/v2\/media?parent=51"}],"curies":[{"name":"wp","href":"https:\/\/api.w.org\/{rel}","templated":true}]}}